{"id":44952,"date":"2026-01-27T20:39:24","date_gmt":"2026-01-27T20:39:24","guid":{"rendered":"https:\/\/www.deporteseli.com\/?product=tenis-adidas-jh9246"},"modified":"2026-02-16T07:55:03","modified_gmt":"2026-02-16T07:55:03","slug":"tenis-adidas-jh9246","status":"publish","type":"product","link":"https:\/\/www.deporteseli.com\/?product=tenis-adidas-jh9246","title":{"rendered":"TENIS ADIDAS JH9246"},"content":{"rendered":"<p>Descripci\u00f3n  Concebida para los peque\u00f1os exploradores, esta zapatilla adidas para beb\u00e9s los acompa\u00f1a en todos sus juegos. Gracias a los velcros, se ponen y se quitan f\u00e1cilmente antes de salir. El dise\u00f1o ancho permite que los peque\u00f1os pies se muevan libremente. La parte superior de material sint\u00e9tico es f\u00e1cil de limpiar para que luzca nueva durante m\u00e1s tiempo. La suela exterior de goma antideslizante ofrece una estabilidad \u00f3ptima a los peque\u00f1os pies que salen a explorar el mundo. Esta zapatilla acompa\u00f1a cada paso de los beb\u00e9s activos.                                                                                                                                                                                                                                                                                                                                                                                                                                                                                                                                                                                                                                                                                                                                                                                                                                                                                                                                                                                                                                        <\/p>\n","protected":false},"excerpt":{"rendered":"<p>TENIS ADIDAS JH9246<\/p>\n","protected":false},"featured_media":57933,"template":"","meta":[],"product_brand":[],"product_cat":[310],"product_tag":[18],"class_list":{"0":"post-44952","1":"product","2":"type-product","3":"status-publish","4":"has-post-thumbnail","6":"product_cat-nino_calzado_casual","7":"product_tag-adidas","8":"pa_color-unico","9":"pa_talla-113","10":"pa_talla-115","11":"pa_talla-117","12":"pa_talla-119","13":"pa_talla-t-21","14":"thunk-woo-product-list","15":"opn-qv-enable","16":"open-woo-hover-","17":"open-single-product-tab-horizontal","18":"open-shadow-","19":"open-shadow-hover-","21":"first","22":"instock","23":"sale","24":"shipping-taxable","25":"purchasable","26":"product-type-variable"},"jetpack_sharing_enabled":true,"_links":{"self":[{"href":"https:\/\/www.deporteseli.com\/index.php?rest_route=\/wp\/v2\/product\/44952","targetHints":{"allow":["GET"]}}],"collection":[{"href":"https:\/\/www.deporteseli.com\/index.php?rest_route=\/wp\/v2\/product"}],"about":[{"href":"https:\/\/www.deporteseli.com\/index.php?rest_route=\/wp\/v2\/types\/product"}],"wp:featuredmedia":[{"embeddable":true,"href":"https:\/\/www.deporteseli.com\/index.php?rest_route=\/wp\/v2\/media\/57933"}],"wp:attachment":[{"href":"https:\/\/www.deporteseli.com\/index.php?rest_route=%2Fwp%2Fv2%2Fmedia&parent=44952"}],"wp:term":[{"taxonomy":"product_brand","embeddable":true,"href":"https:\/\/www.deporteseli.com\/index.php?rest_route=%2Fwp%2Fv2%2Fproduct_brand&post=44952"},{"taxonomy":"product_cat","embeddable":true,"href":"https:\/\/www.deporteseli.com\/index.php?rest_route=%2Fwp%2Fv2%2Fproduct_cat&post=44952"},{"taxonomy":"product_tag","embeddable":true,"href":"https:\/\/www.deporteseli.com\/index.php?rest_route=%2Fwp%2Fv2%2Fproduct_tag&post=44952"}],"curies":[{"name":"wp","href":"https:\/\/api.w.org\/{rel}","templated":true}]}}