{"id":44947,"date":"2026-01-27T20:39:18","date_gmt":"2026-01-27T20:39:18","guid":{"rendered":"https:\/\/www.deporteseli.com\/?product=zapatilla-tensaur-run-3-0-bebe-2"},"modified":"2026-04-12T04:17:28","modified_gmt":"2026-04-12T04:17:28","slug":"zapatilla-tensaur-run-3-0-bebe-2","status":"publish","type":"product","link":"https:\/\/www.deporteseli.com\/?product=zapatilla-tensaur-run-3-0-bebe-2","title":{"rendered":"ZAPATILLA TENSAUR RUN 3.0 (BEB\u00e9)"},"content":{"rendered":"<p>COMODIDAD Y DIVERSI\u00d3N A TODO TREN  Creada para sus primeras aventuras. Esta zapatilla adidas para peques imparables presenta un dise\u00f1o ligero y resistente. Su empeine textil con un forro suave y la suela sint\u00e9tica le proporcionan una excelente estabilidad. Ya sea para jugar con sus amigos o explorar el parque, la mediasuela Cloudfoam le brinda amortiguaci\u00f3n para una pisada m\u00e1s c\u00f3moda.    Este producto contiene al menos un 20% de materiales reciclados. Utilizando materiales reciclados, reducimos los residuos, nuestra dependencia de los recursos finitos y la huella que generan los productos que fabricamos.  Horma cl\u00e1sica  Cierre con correa autoadherente  Empeine textil  Forro textil  Mediasuela Cloudfoam  Suela sint\u00e9tica  Contiene al menos un 20% de material reciclado  Color del art\u00edculo: Core Black \/ Clear Mint \/ Clear Pink  N\u00famero de art\u00edculo: IH1047                                                                                                                                                                                                                                                                                                                                                                                                                                                                                                                                                                                                                                                                                                                                                                                                                                                                                                                                                                                                                                        <\/p>\n","protected":false},"excerpt":{"rendered":"<p>ZAPATILLA TENSAUR RUN 3.0 (BEB\u00e9)<\/p>\n","protected":false},"featured_media":57927,"template":"","meta":[],"product_brand":[],"product_cat":[390],"product_tag":[18],"class_list":{"0":"post-44947","1":"product","2":"type-product","3":"status-publish","4":"has-post-thumbnail","6":"product_cat-ninas_calzado_running","7":"product_tag-adidas","8":"pa_color-unico","9":"pa_talla-115","10":"pa_talla-117","11":"pa_talla-123","12":"pa_talla-t-21","13":"thunk-woo-product-list","14":"opn-qv-enable","15":"open-woo-hover-","16":"open-single-product-tab-horizontal","17":"open-shadow-","18":"open-shadow-hover-","20":"first","21":"instock","22":"sale","23":"shipping-taxable","24":"purchasable","25":"product-type-variable"},"jetpack_sharing_enabled":true,"_links":{"self":[{"href":"https:\/\/www.deporteseli.com\/index.php?rest_route=\/wp\/v2\/product\/44947","targetHints":{"allow":["GET"]}}],"collection":[{"href":"https:\/\/www.deporteseli.com\/index.php?rest_route=\/wp\/v2\/product"}],"about":[{"href":"https:\/\/www.deporteseli.com\/index.php?rest_route=\/wp\/v2\/types\/product"}],"wp:featuredmedia":[{"embeddable":true,"href":"https:\/\/www.deporteseli.com\/index.php?rest_route=\/wp\/v2\/media\/57927"}],"wp:attachment":[{"href":"https:\/\/www.deporteseli.com\/index.php?rest_route=%2Fwp%2Fv2%2Fmedia&parent=44947"}],"wp:term":[{"taxonomy":"product_brand","embeddable":true,"href":"https:\/\/www.deporteseli.com\/index.php?rest_route=%2Fwp%2Fv2%2Fproduct_brand&post=44947"},{"taxonomy":"product_cat","embeddable":true,"href":"https:\/\/www.deporteseli.com\/index.php?rest_route=%2Fwp%2Fv2%2Fproduct_cat&post=44947"},{"taxonomy":"product_tag","embeddable":true,"href":"https:\/\/www.deporteseli.com\/index.php?rest_route=%2Fwp%2Fv2%2Fproduct_tag&post=44947"}],"curies":[{"name":"wp","href":"https:\/\/api.w.org\/{rel}","templated":true}]}}