{"id":44931,"date":"2026-01-27T20:38:58","date_gmt":"2026-01-27T20:38:58","guid":{"rendered":"https:\/\/www.deporteseli.com\/?product=camisa-adidas-jg5835"},"modified":"2026-03-07T06:18:15","modified_gmt":"2026-03-07T06:18:15","slug":"camisa-adidas-jg5835","status":"publish","type":"product","link":"https:\/\/www.deporteseli.com\/?product=camisa-adidas-jg5835","title":{"rendered":"CAMISA ADIDAS JG5835"},"content":{"rendered":"<p>Camiseta adidas Squadra 25  Si\u00e9ntete como un equipo con una camiseta adidas que se centra en la unidad en el campo de f\u00fatbol. Con un cuello redondo acanalado y las ic\u00f3nicas 3 Rayas en los hombros, mantiene la est\u00e9tica impecable y te deja espacio para a\u00f1adir los detalles de tu equipo. Trabajando arduamente en segundo plano, AEROREADY controla los niveles de humedad para que siempre est\u00e9s al cien por cien. Este producto est\u00e1 fabricado con materiales 100 % reciclados. Al reutilizar materiales ya creados, adidas contribuye a reducir los residuos y nuestra dependencia de recursos finitos, as\u00ed como la huella ecol\u00f3gica de sus productos.                                                                                                                                                                                                                                                                                                                                                                                                                                                                                                                                                                                                                                                                                                                                                                                                                                                                                                                                                                                                                                        <\/p>\n","protected":false},"excerpt":{"rendered":"<p>CAMISA ADIDAS JG5835<\/p>\n","protected":false},"featured_media":57912,"template":"","meta":[],"product_brand":[],"product_cat":[245],"product_tag":[18],"class_list":{"0":"post-44931","1":"product","2":"type-product","3":"status-publish","4":"has-post-thumbnail","6":"product_cat-hombre_textil_camisetas","7":"product_tag-adidas","8":"pa_color-unico","9":"pa_talla-l","10":"thunk-woo-product-list","11":"opn-qv-enable","12":"open-woo-hover-","13":"open-single-product-tab-horizontal","14":"open-shadow-","15":"open-shadow-hover-","17":"first","18":"instock","19":"shipping-taxable","20":"purchasable","21":"product-type-variable"},"jetpack_sharing_enabled":true,"_links":{"self":[{"href":"https:\/\/www.deporteseli.com\/index.php?rest_route=\/wp\/v2\/product\/44931","targetHints":{"allow":["GET"]}}],"collection":[{"href":"https:\/\/www.deporteseli.com\/index.php?rest_route=\/wp\/v2\/product"}],"about":[{"href":"https:\/\/www.deporteseli.com\/index.php?rest_route=\/wp\/v2\/types\/product"}],"wp:featuredmedia":[{"embeddable":true,"href":"https:\/\/www.deporteseli.com\/index.php?rest_route=\/wp\/v2\/media\/57912"}],"wp:attachment":[{"href":"https:\/\/www.deporteseli.com\/index.php?rest_route=%2Fwp%2Fv2%2Fmedia&parent=44931"}],"wp:term":[{"taxonomy":"product_brand","embeddable":true,"href":"https:\/\/www.deporteseli.com\/index.php?rest_route=%2Fwp%2Fv2%2Fproduct_brand&post=44931"},{"taxonomy":"product_cat","embeddable":true,"href":"https:\/\/www.deporteseli.com\/index.php?rest_route=%2Fwp%2Fv2%2Fproduct_cat&post=44931"},{"taxonomy":"product_tag","embeddable":true,"href":"https:\/\/www.deporteseli.com\/index.php?rest_route=%2Fwp%2Fv2%2Fproduct_tag&post=44931"}],"curies":[{"name":"wp","href":"https:\/\/api.w.org\/{rel}","templated":true}]}}