{"id":44928,"date":"2026-01-27T20:38:55","date_gmt":"2026-01-27T20:38:55","guid":{"rendered":"https:\/\/www.deporteseli.com\/?product=camisa-adidas-jf1093"},"modified":"2026-03-07T06:18:13","modified_gmt":"2026-03-07T06:18:13","slug":"camisa-adidas-jf1093","status":"publish","type":"product","link":"https:\/\/www.deporteseli.com\/?product=camisa-adidas-jf1093","title":{"rendered":"CAMISA ADIDAS JF1093"},"content":{"rendered":"<p>PLAYERA ESSENTIALS LOGO PEQUE\u00d1O TEJIDO JERSEY  UNA CAMISETA VERS\u00c1TIL CON UN TOQUE DE ESTILO DEPORTIVO.  La camiseta perfecta para cualquier ocasi\u00f3n, esta playera adidas es una adici\u00f3n esencial a tu armario. Est\u00e1 confeccionada en tejido de punto jersey que se siente muy suave contra la piel. El logo de las 3 Barras bordado en el pecho le imprime un toque sutil de estilo deportivo. Desde el trabajo hasta el fin de semana, esta camiseta es la que necesitas.  Ajuste cl\u00e1sico  Cuello redondo acanalado  100 % algod\u00f3n  Hombro ligeramente ca\u00eddo  C\u00f3digo del producto : JF1093                                                                                                                                                                                                                                                                                                                                                                                                                                                                                                                                                                                                                                                                                                                                                                                                                                                                                                                                                                                                                                        <\/p>\n","protected":false},"excerpt":{"rendered":"<p>CAMISA ADIDAS JF1093<\/p>\n","protected":false},"featured_media":57910,"template":"","meta":[],"product_brand":[],"product_cat":[245],"product_tag":[18],"class_list":{"0":"post-44928","1":"product","2":"type-product","3":"status-publish","4":"has-post-thumbnail","6":"product_cat-hombre_textil_camisetas","7":"product_tag-adidas","8":"pa_color-unico","9":"pa_talla-m","10":"pa_talla-s","11":"thunk-woo-product-list","12":"opn-qv-enable","13":"open-woo-hover-","14":"open-single-product-tab-horizontal","15":"open-shadow-","16":"open-shadow-hover-","18":"first","19":"instock","20":"shipping-taxable","21":"purchasable","22":"product-type-variable"},"jetpack_sharing_enabled":true,"_links":{"self":[{"href":"https:\/\/www.deporteseli.com\/index.php?rest_route=\/wp\/v2\/product\/44928","targetHints":{"allow":["GET"]}}],"collection":[{"href":"https:\/\/www.deporteseli.com\/index.php?rest_route=\/wp\/v2\/product"}],"about":[{"href":"https:\/\/www.deporteseli.com\/index.php?rest_route=\/wp\/v2\/types\/product"}],"wp:featuredmedia":[{"embeddable":true,"href":"https:\/\/www.deporteseli.com\/index.php?rest_route=\/wp\/v2\/media\/57910"}],"wp:attachment":[{"href":"https:\/\/www.deporteseli.com\/index.php?rest_route=%2Fwp%2Fv2%2Fmedia&parent=44928"}],"wp:term":[{"taxonomy":"product_brand","embeddable":true,"href":"https:\/\/www.deporteseli.com\/index.php?rest_route=%2Fwp%2Fv2%2Fproduct_brand&post=44928"},{"taxonomy":"product_cat","embeddable":true,"href":"https:\/\/www.deporteseli.com\/index.php?rest_route=%2Fwp%2Fv2%2Fproduct_cat&post=44928"},{"taxonomy":"product_tag","embeddable":true,"href":"https:\/\/www.deporteseli.com\/index.php?rest_route=%2Fwp%2Fv2%2Fproduct_tag&post=44928"}],"curies":[{"name":"wp","href":"https:\/\/api.w.org\/{rel}","templated":true}]}}