{"id":44917,"date":"2026-01-27T20:38:41","date_gmt":"2026-01-27T20:38:41","guid":{"rendered":"https:\/\/www.deporteseli.com\/?product=set-adidas-je1401"},"modified":"2026-03-07T06:18:10","modified_gmt":"2026-03-07T06:18:10","slug":"set-adidas-je1401","status":"publish","type":"product","link":"https:\/\/www.deporteseli.com\/?product=set-adidas-je1401","title":{"rendered":"SET ADIDAS JE1401"},"content":{"rendered":"<p>CONJUNTO DE CAMISETA ESSENTIALS PARA NI\u00d1OS  UN CONJUNTO PARA NI\u00d1OS FABRICADO EN PARTE CON UNA MEZCLA DE MATERIALES RECICLADOS Y RENOVABLES.  Los ni\u00f1os siempre est\u00e1n en movimiento, por lo que necesitan ropa que les siga el ritmo. Este conjunto de camiseta y shorts adidas est\u00e1 dise\u00f1ado para las aventuras del d\u00eda a d\u00eda gracias a su tejido suave y resistente. Su dise\u00f1o cl\u00e1sico permite que cada prenda sea lo suficientemente vers\u00e1til como para combinarla con otras prendas de su armario. Los logotipos de las 3 barras le dan un toque deportivo al look. Al optar por materiales reciclados, podemos reutilizar materiales ya creados, lo que ayuda a reducir los residuos. La elecci\u00f3n de materiales renovables nos ayuda a reducir nuestra dependencia de recursos finitos. Nuestros productos, fabricados con una mezcla de materiales reciclados y renovables, contienen al menos un 70 % de estos materiales.  Ajuste regular  Cuello redondo  100% algod\u00f3n  Tiro medio  Cintura el\u00e1stica con cord\u00f3n  Contiene un m\u00ednimo de 70% de contenido reciclado y renovable.  C\u00f3digo de producto: JE1401                                                                                                                                                                                                                                                                                                                                                                                                                                                                                                                                                                                                                                                                                                                                                                                                                                                                                                                                                                                                                                        <\/p>\n","protected":false},"excerpt":{"rendered":"<p>SET ADIDAS JE1401<\/p>\n","protected":false},"featured_media":57903,"template":"","meta":[],"product_brand":[],"product_cat":[297],"product_tag":[18],"class_list":{"0":"post-44917","1":"product","2":"type-product","3":"status-publish","4":"has-post-thumbnail","6":"product_cat-nino_textil_conjuntos","7":"product_tag-adidas","8":"pa_color-unico","9":"pa_talla-t-6","10":"pa_talla-t-8","11":"thunk-woo-product-list","12":"opn-qv-enable","13":"open-woo-hover-","14":"open-single-product-tab-horizontal","15":"open-shadow-","16":"open-shadow-hover-","18":"first","19":"instock","20":"shipping-taxable","21":"purchasable","22":"product-type-variable"},"jetpack_sharing_enabled":true,"_links":{"self":[{"href":"https:\/\/www.deporteseli.com\/index.php?rest_route=\/wp\/v2\/product\/44917","targetHints":{"allow":["GET"]}}],"collection":[{"href":"https:\/\/www.deporteseli.com\/index.php?rest_route=\/wp\/v2\/product"}],"about":[{"href":"https:\/\/www.deporteseli.com\/index.php?rest_route=\/wp\/v2\/types\/product"}],"wp:featuredmedia":[{"embeddable":true,"href":"https:\/\/www.deporteseli.com\/index.php?rest_route=\/wp\/v2\/media\/57903"}],"wp:attachment":[{"href":"https:\/\/www.deporteseli.com\/index.php?rest_route=%2Fwp%2Fv2%2Fmedia&parent=44917"}],"wp:term":[{"taxonomy":"product_brand","embeddable":true,"href":"https:\/\/www.deporteseli.com\/index.php?rest_route=%2Fwp%2Fv2%2Fproduct_brand&post=44917"},{"taxonomy":"product_cat","embeddable":true,"href":"https:\/\/www.deporteseli.com\/index.php?rest_route=%2Fwp%2Fv2%2Fproduct_cat&post=44917"},{"taxonomy":"product_tag","embeddable":true,"href":"https:\/\/www.deporteseli.com\/index.php?rest_route=%2Fwp%2Fv2%2Fproduct_tag&post=44917"}],"curies":[{"name":"wp","href":"https:\/\/api.w.org\/{rel}","templated":true}]}}