{"id":44914,"date":"2026-01-27T20:38:37","date_gmt":"2026-01-27T20:38:37","guid":{"rendered":"https:\/\/www.deporteseli.com\/?product=camisa-adidas-jd1846"},"modified":"2026-03-07T06:18:07","modified_gmt":"2026-03-07T06:18:07","slug":"camisa-adidas-jd1846","status":"publish","type":"product","link":"https:\/\/www.deporteseli.com\/?product=camisa-adidas-jd1846","title":{"rendered":"CAMISA ADIDAS JD1846"},"content":{"rendered":"<p>DESCRIPCI\u00d3N  Esta brillante camiseta adidas para ni\u00f1os y adolescentes es una prenda b\u00e1sica y moderna para todos los d\u00edas. El logotipo grande y brillante de 3 rayas en el pecho llama la atenci\u00f3n a medida que avanza el d\u00eda. Ya sea que est\u00e9s de viaje o relaj\u00e1ndote en casa, siempre estar\u00e1s c\u00f3modo gracias al material suave y al corte cl\u00e1sico.                                                                                                                                                                                                                                                                                                                                                                                                                                                                                                                                                                                                                                                                                                                                                                                                                                                                                                                                                                                                                                        <\/p>\n","protected":false},"excerpt":{"rendered":"<p>CAMISA ADIDAS JD1846<\/p>\n","protected":false},"featured_media":57901,"template":"","meta":[],"product_brand":[],"product_cat":[376],"product_tag":[18],"class_list":{"0":"post-44914","1":"product","2":"type-product","3":"status-publish","4":"has-post-thumbnail","6":"product_cat-ninas_textil_camisetas","7":"product_tag-adidas","8":"pa_color-unico","9":"pa_talla-t-10","10":"pa_talla-t-12","11":"thunk-woo-product-list","12":"opn-qv-enable","13":"open-woo-hover-","14":"open-single-product-tab-horizontal","15":"open-shadow-","16":"open-shadow-hover-","18":"first","19":"instock","20":"shipping-taxable","21":"purchasable","22":"product-type-variable"},"jetpack_sharing_enabled":true,"_links":{"self":[{"href":"https:\/\/www.deporteseli.com\/index.php?rest_route=\/wp\/v2\/product\/44914","targetHints":{"allow":["GET"]}}],"collection":[{"href":"https:\/\/www.deporteseli.com\/index.php?rest_route=\/wp\/v2\/product"}],"about":[{"href":"https:\/\/www.deporteseli.com\/index.php?rest_route=\/wp\/v2\/types\/product"}],"wp:featuredmedia":[{"embeddable":true,"href":"https:\/\/www.deporteseli.com\/index.php?rest_route=\/wp\/v2\/media\/57901"}],"wp:attachment":[{"href":"https:\/\/www.deporteseli.com\/index.php?rest_route=%2Fwp%2Fv2%2Fmedia&parent=44914"}],"wp:term":[{"taxonomy":"product_brand","embeddable":true,"href":"https:\/\/www.deporteseli.com\/index.php?rest_route=%2Fwp%2Fv2%2Fproduct_brand&post=44914"},{"taxonomy":"product_cat","embeddable":true,"href":"https:\/\/www.deporteseli.com\/index.php?rest_route=%2Fwp%2Fv2%2Fproduct_cat&post=44914"},{"taxonomy":"product_tag","embeddable":true,"href":"https:\/\/www.deporteseli.com\/index.php?rest_route=%2Fwp%2Fv2%2Fproduct_tag&post=44914"}],"curies":[{"name":"wp","href":"https:\/\/api.w.org\/{rel}","templated":true}]}}