{"id":44906,"date":"2026-01-27T20:38:27","date_gmt":"2026-01-27T20:38:27","guid":{"rendered":"https:\/\/www.deporteseli.com\/?product=camiseta-essentials-linear-cotton"},"modified":"2026-04-07T04:17:54","modified_gmt":"2026-04-07T04:17:54","slug":"camiseta-essentials-linear-cotton","status":"publish","type":"product","link":"https:\/\/www.deporteseli.com\/?product=camiseta-essentials-linear-cotton","title":{"rendered":"CAMISETA ESSENTIALS LINEAR COTTON"},"content":{"rendered":"<p>ESENCIAL POR MUCHAS RAZONES  Combinando la sencillez de un b\u00e1sico con un toque deportivo, esta camiseta adidas te permite afrontar el d\u00eda con total comodidad. Se ha confeccionado en un suave tejido de algod\u00f3n que se complementa a la perfecci\u00f3n con pantalones de ch\u00e1ndal o vaqueros. El logotipo de adidas en la parte frontal aporta un detalle actual a su dise\u00f1o cl\u00e1sico.  Corte entallado  Cuello redondo  100% algod\u00f3n  Color del art\u00edculo: White \/ Black  N\u00famero de art\u00edculo: JC8239                                                                                                                                                                                                                                                                                                                                                                                                                                                                                                                                                                                                                                                                                                                                                                                                                                                                                                                                                                                                                                        <\/p>\n","protected":false},"excerpt":{"rendered":"<p>CAMISETA ESSENTIALS LINEAR COTTON<\/p>\n","protected":false},"featured_media":57895,"template":"","meta":[],"product_brand":[],"product_cat":[269],"product_tag":[18],"class_list":{"0":"post-44906","1":"product","2":"type-product","3":"status-publish","4":"has-post-thumbnail","6":"product_cat-mujer_textil_camisetas","7":"product_tag-adidas","8":"pa_color-unico","9":"pa_talla-m","10":"pa_talla-xl","11":"thunk-woo-product-list","12":"opn-qv-enable","13":"open-woo-hover-","14":"open-single-product-tab-horizontal","15":"open-shadow-","16":"open-shadow-hover-","18":"first","19":"instock","20":"shipping-taxable","21":"purchasable","22":"product-type-variable"},"jetpack_sharing_enabled":true,"_links":{"self":[{"href":"https:\/\/www.deporteseli.com\/index.php?rest_route=\/wp\/v2\/product\/44906","targetHints":{"allow":["GET"]}}],"collection":[{"href":"https:\/\/www.deporteseli.com\/index.php?rest_route=\/wp\/v2\/product"}],"about":[{"href":"https:\/\/www.deporteseli.com\/index.php?rest_route=\/wp\/v2\/types\/product"}],"wp:featuredmedia":[{"embeddable":true,"href":"https:\/\/www.deporteseli.com\/index.php?rest_route=\/wp\/v2\/media\/57895"}],"wp:attachment":[{"href":"https:\/\/www.deporteseli.com\/index.php?rest_route=%2Fwp%2Fv2%2Fmedia&parent=44906"}],"wp:term":[{"taxonomy":"product_brand","embeddable":true,"href":"https:\/\/www.deporteseli.com\/index.php?rest_route=%2Fwp%2Fv2%2Fproduct_brand&post=44906"},{"taxonomy":"product_cat","embeddable":true,"href":"https:\/\/www.deporteseli.com\/index.php?rest_route=%2Fwp%2Fv2%2Fproduct_cat&post=44906"},{"taxonomy":"product_tag","embeddable":true,"href":"https:\/\/www.deporteseli.com\/index.php?rest_route=%2Fwp%2Fv2%2Fproduct_tag&post=44906"}],"curies":[{"name":"wp","href":"https:\/\/api.w.org\/{rel}","templated":true}]}}