{"id":44895,"date":"2026-01-27T20:38:14","date_gmt":"2026-01-27T20:38:14","guid":{"rendered":"https:\/\/www.deporteseli.com\/?product=banador-adidas-2"},"modified":"2026-02-24T05:19:05","modified_gmt":"2026-02-24T05:19:05","slug":"banador-adidas-2","status":"publish","type":"product","link":"https:\/\/www.deporteseli.com\/?product=banador-adidas-2","title":{"rendered":"BA\u00f1ADOR ADIDAS"},"content":{"rendered":"<p>COMODIDAD PARA TUS ACTIVIDADES ACU\u00c1TICAS  Este ba\u00f1ador adidas para j\u00f3venes nadadoras es perfecto para entrenar en equipo o cualquier actividad en la piscina. Su dise\u00f1o forrado confeccionado en un tejido suave y resistente al cloro te brinda una cobertura total. Su corte deportivo te permite moverte con total libertad.    Esta prenda se ha confeccionado con hilo ECONYL\u00ae reciclado y resistente al cloro.  Corte cl\u00e1sico  Tirantes cruzados en la espalda  78% nailon (reciclado) \/ 22% elast\u00e1n  Forro de punto  Tejido Infinitex Fitness Eco resistente al cloro  Pernera de corte medio  Tejido ultraplano y suave  Espalda con escote medio  Color del art\u00edculo: Semi Lucid Blue \/ White  N\u00famero de art\u00edculo: JG1040                                                                                                                                                                                                                                                                                                                                                                                                                                                                                                                                                                                                                                                                                                                                                                                                                                                                                                                                                                                                                                        <\/p>\n","protected":false},"excerpt":{"rendered":"<p>BA\u00f1ADOR ADIDAS<\/p>\n","protected":false},"featured_media":57888,"template":"","meta":[],"product_brand":[],"product_cat":[377],"product_tag":[18],"class_list":{"0":"post-44895","1":"product","2":"type-product","3":"status-publish","4":"has-post-thumbnail","6":"product_cat-ninas_textil_banadores","7":"product_tag-adidas","8":"pa_color-unico","9":"pa_talla-t-10","10":"pa_talla-t-12","11":"pa_talla-t-14","12":"pa_talla-t-4","13":"pa_talla-t-6","14":"pa_talla-t-8","15":"thunk-woo-product-list","16":"opn-qv-enable","17":"open-woo-hover-","18":"open-single-product-tab-horizontal","19":"open-shadow-","20":"open-shadow-hover-","22":"first","23":"instock","24":"shipping-taxable","25":"purchasable","26":"product-type-variable"},"jetpack_sharing_enabled":true,"_links":{"self":[{"href":"https:\/\/www.deporteseli.com\/index.php?rest_route=\/wp\/v2\/product\/44895","targetHints":{"allow":["GET"]}}],"collection":[{"href":"https:\/\/www.deporteseli.com\/index.php?rest_route=\/wp\/v2\/product"}],"about":[{"href":"https:\/\/www.deporteseli.com\/index.php?rest_route=\/wp\/v2\/types\/product"}],"wp:featuredmedia":[{"embeddable":true,"href":"https:\/\/www.deporteseli.com\/index.php?rest_route=\/wp\/v2\/media\/57888"}],"wp:attachment":[{"href":"https:\/\/www.deporteseli.com\/index.php?rest_route=%2Fwp%2Fv2%2Fmedia&parent=44895"}],"wp:term":[{"taxonomy":"product_brand","embeddable":true,"href":"https:\/\/www.deporteseli.com\/index.php?rest_route=%2Fwp%2Fv2%2Fproduct_brand&post=44895"},{"taxonomy":"product_cat","embeddable":true,"href":"https:\/\/www.deporteseli.com\/index.php?rest_route=%2Fwp%2Fv2%2Fproduct_cat&post=44895"},{"taxonomy":"product_tag","embeddable":true,"href":"https:\/\/www.deporteseli.com\/index.php?rest_route=%2Fwp%2Fv2%2Fproduct_tag&post=44895"}],"curies":[{"name":"wp","href":"https:\/\/api.w.org\/{rel}","templated":true}]}}