{"id":44891,"date":"2026-01-27T20:38:09","date_gmt":"2026-01-27T20:38:09","guid":{"rendered":"https:\/\/www.deporteseli.com\/?product=camiseta-squadra-25-para-ninos"},"modified":"2026-03-07T06:17:57","modified_gmt":"2026-03-07T06:17:57","slug":"camiseta-squadra-25-para-ninos","status":"publish","type":"product","link":"https:\/\/www.deporteseli.com\/?product=camiseta-squadra-25-para-ninos","title":{"rendered":"CAMISETA SQUADRA 25 PARA NI\u00f1OS"},"content":{"rendered":"<p>UN JERSEY ABSORBENTE PARA PARTIDOS, HECHO CON MATERIALES RECICLADOS  Si\u00e9ntanse como un equipo con un jersey de adidas para j\u00f3venes que celebra la uni\u00f3n en la cancha. Combina un cuello redondo acanalado con las ic\u00f3nicas 3 Franjas en los hombros y luce un estilo minimalista que te permite agregar los detalles de tu propio equipo. El tejido AEROREADY controla el nivel de humedad para que siempre est\u00e9s en control.    Este producto est\u00e1 hecho con materiales 100 % reciclados. Utilizando materiales reciclados disminuimos los residuos, nuestra dependencia de los recursos finitos y la huella que generan los productos que fabricamos.  Corte cl\u00e1sico  Cuello redondo acanalado  100% poli\u00e9ster (reciclado)  AEROLISTO  Espacio para personalizaci\u00f3n  Color del art\u00edculo: Team Light Blue \/ White  N\u00famero de art\u00edculo: JJ0050                                                                                                                                                                                                                                                                                                                                                                                                                                                                                                                                                                                                                                                                                                                                                                                                                                                                                                                                                                                                                                        <\/p>\n","protected":false},"excerpt":{"rendered":"<p>CAMISETA SQUADRA 25 PARA NI\u00f1OS<\/p>\n","protected":false},"featured_media":57885,"template":"","meta":[],"product_brand":[],"product_cat":[296],"product_tag":[18],"class_list":{"0":"post-44891","1":"product","2":"type-product","3":"status-publish","4":"has-post-thumbnail","6":"product_cat-nino_textil_camisetas","7":"product_tag-adidas","8":"pa_color-unico","9":"pa_talla-t-10","10":"pa_talla-t-12","11":"pa_talla-t-16","12":"thunk-woo-product-list","13":"opn-qv-enable","14":"open-woo-hover-","15":"open-single-product-tab-horizontal","16":"open-shadow-","17":"open-shadow-hover-","19":"first","20":"instock","21":"shipping-taxable","22":"purchasable","23":"product-type-variable"},"jetpack_sharing_enabled":true,"_links":{"self":[{"href":"https:\/\/www.deporteseli.com\/index.php?rest_route=\/wp\/v2\/product\/44891","targetHints":{"allow":["GET"]}}],"collection":[{"href":"https:\/\/www.deporteseli.com\/index.php?rest_route=\/wp\/v2\/product"}],"about":[{"href":"https:\/\/www.deporteseli.com\/index.php?rest_route=\/wp\/v2\/types\/product"}],"wp:featuredmedia":[{"embeddable":true,"href":"https:\/\/www.deporteseli.com\/index.php?rest_route=\/wp\/v2\/media\/57885"}],"wp:attachment":[{"href":"https:\/\/www.deporteseli.com\/index.php?rest_route=%2Fwp%2Fv2%2Fmedia&parent=44891"}],"wp:term":[{"taxonomy":"product_brand","embeddable":true,"href":"https:\/\/www.deporteseli.com\/index.php?rest_route=%2Fwp%2Fv2%2Fproduct_brand&post=44891"},{"taxonomy":"product_cat","embeddable":true,"href":"https:\/\/www.deporteseli.com\/index.php?rest_route=%2Fwp%2Fv2%2Fproduct_cat&post=44891"},{"taxonomy":"product_tag","embeddable":true,"href":"https:\/\/www.deporteseli.com\/index.php?rest_route=%2Fwp%2Fv2%2Fproduct_tag&post=44891"}],"curies":[{"name":"wp","href":"https:\/\/api.w.org\/{rel}","templated":true}]}}