{"id":44885,"date":"2026-01-27T20:38:01","date_gmt":"2026-01-27T20:38:01","guid":{"rendered":"https:\/\/www.deporteseli.com\/?product=camisa-adidas-jj5034"},"modified":"2026-03-07T06:17:53","modified_gmt":"2026-03-07T06:17:53","slug":"camisa-adidas-jj5034","status":"publish","type":"product","link":"https:\/\/www.deporteseli.com\/?product=camisa-adidas-jj5034","title":{"rendered":"CAMISA ADIDAS JJ5034"},"content":{"rendered":"<p>La camisa adidas TR-ES 3S TEE para ni\u00f1a combina estilo y funcionalidad para el d\u00eda a d\u00eda o el entrenamiento. Su tejido ligero y transpirable mantiene la frescura, mientras que las ic\u00f3nicas tres franjas adidas le dan un toque deportivo.    Caracter\u00edsticas:     Tela suave y transpirable para mayor comodidad.  Corte cl\u00e1sico que permite movilidad sin restricciones.  Dise\u00f1o vers\u00e1til con las tres franjas adidas.                                                                                                                                                                                                                                                                                                                                                                                                                                                                                                                                                                                                                                                                                                                                                                                                                                                                                                                                                                                                                                        <\/p>\n","protected":false},"excerpt":{"rendered":"<p>CAMISA ADIDAS JJ5034<\/p>\n","protected":false},"featured_media":57881,"template":"","meta":[],"product_brand":[],"product_cat":[376],"product_tag":[18],"class_list":{"0":"post-44885","1":"product","2":"type-product","3":"status-publish","4":"has-post-thumbnail","6":"product_cat-ninas_textil_camisetas","7":"product_tag-adidas","8":"pa_color-unico","9":"pa_talla-t-10","10":"pa_talla-t-12","11":"pa_talla-t-14","12":"pa_talla-t-16","13":"pa_talla-t-8","14":"thunk-woo-product-list","15":"opn-qv-enable","16":"open-woo-hover-","17":"open-single-product-tab-horizontal","18":"open-shadow-","19":"open-shadow-hover-","21":"first","22":"instock","23":"shipping-taxable","24":"purchasable","25":"product-type-variable"},"jetpack_sharing_enabled":true,"_links":{"self":[{"href":"https:\/\/www.deporteseli.com\/index.php?rest_route=\/wp\/v2\/product\/44885","targetHints":{"allow":["GET"]}}],"collection":[{"href":"https:\/\/www.deporteseli.com\/index.php?rest_route=\/wp\/v2\/product"}],"about":[{"href":"https:\/\/www.deporteseli.com\/index.php?rest_route=\/wp\/v2\/types\/product"}],"wp:featuredmedia":[{"embeddable":true,"href":"https:\/\/www.deporteseli.com\/index.php?rest_route=\/wp\/v2\/media\/57881"}],"wp:attachment":[{"href":"https:\/\/www.deporteseli.com\/index.php?rest_route=%2Fwp%2Fv2%2Fmedia&parent=44885"}],"wp:term":[{"taxonomy":"product_brand","embeddable":true,"href":"https:\/\/www.deporteseli.com\/index.php?rest_route=%2Fwp%2Fv2%2Fproduct_brand&post=44885"},{"taxonomy":"product_cat","embeddable":true,"href":"https:\/\/www.deporteseli.com\/index.php?rest_route=%2Fwp%2Fv2%2Fproduct_cat&post=44885"},{"taxonomy":"product_tag","embeddable":true,"href":"https:\/\/www.deporteseli.com\/index.php?rest_route=%2Fwp%2Fv2%2Fproduct_tag&post=44885"}],"curies":[{"name":"wp","href":"https:\/\/api.w.org\/{rel}","templated":true}]}}