{"id":44881,"date":"2026-01-27T20:37:55","date_gmt":"2026-01-27T20:37:55","guid":{"rendered":"https:\/\/www.deporteseli.com\/?product=camisa-adidas-jc7710"},"modified":"2026-03-07T06:17:47","modified_gmt":"2026-03-07T06:17:47","slug":"camisa-adidas-jc7710","status":"publish","type":"product","link":"https:\/\/www.deporteseli.com\/?product=camisa-adidas-jc7710","title":{"rendered":"CAMISA ADIDAS JC7710"},"content":{"rendered":"<p>Camiseta Ni\u00f1o\/a Adidas Essentials JC7710    Afortunadamente, esta camiseta adidas para junior es todo menos b\u00e1sica. El estampado completo con el logo de 3 bandas te da estilo, ya sea que salgas con tus amigos o que te relajes en casa. Dise\u00f1ada en algod\u00f3n suave, esta camiseta es tan c\u00f3moda como vers\u00e1til.                                                                                                                                                                                                                                                                                                                                                                                                                                                                                                                                                                                                                                                                                                                                                                                                                                                                                                                                                                                                                                        <\/p>\n","protected":false},"excerpt":{"rendered":"<p>CAMISA ADIDAS JC7710<\/p>\n","protected":false},"featured_media":57878,"template":"","meta":[],"product_brand":[],"product_cat":[376],"product_tag":[18],"class_list":{"0":"post-44881","1":"product","2":"type-product","3":"status-publish","4":"has-post-thumbnail","6":"product_cat-ninas_textil_camisetas","7":"product_tag-adidas","8":"pa_color-unico","9":"pa_talla-t-10","10":"pa_talla-t-12","11":"pa_talla-t-14","12":"thunk-woo-product-list","13":"opn-qv-enable","14":"open-woo-hover-","15":"open-single-product-tab-horizontal","16":"open-shadow-","17":"open-shadow-hover-","19":"first","20":"instock","21":"shipping-taxable","22":"purchasable","23":"product-type-variable"},"jetpack_sharing_enabled":true,"_links":{"self":[{"href":"https:\/\/www.deporteseli.com\/index.php?rest_route=\/wp\/v2\/product\/44881","targetHints":{"allow":["GET"]}}],"collection":[{"href":"https:\/\/www.deporteseli.com\/index.php?rest_route=\/wp\/v2\/product"}],"about":[{"href":"https:\/\/www.deporteseli.com\/index.php?rest_route=\/wp\/v2\/types\/product"}],"wp:featuredmedia":[{"embeddable":true,"href":"https:\/\/www.deporteseli.com\/index.php?rest_route=\/wp\/v2\/media\/57878"}],"wp:attachment":[{"href":"https:\/\/www.deporteseli.com\/index.php?rest_route=%2Fwp%2Fv2%2Fmedia&parent=44881"}],"wp:term":[{"taxonomy":"product_brand","embeddable":true,"href":"https:\/\/www.deporteseli.com\/index.php?rest_route=%2Fwp%2Fv2%2Fproduct_brand&post=44881"},{"taxonomy":"product_cat","embeddable":true,"href":"https:\/\/www.deporteseli.com\/index.php?rest_route=%2Fwp%2Fv2%2Fproduct_cat&post=44881"},{"taxonomy":"product_tag","embeddable":true,"href":"https:\/\/www.deporteseli.com\/index.php?rest_route=%2Fwp%2Fv2%2Fproduct_tag&post=44881"}],"curies":[{"name":"wp","href":"https:\/\/api.w.org\/{rel}","templated":true}]}}