{"id":44876,"date":"2026-01-27T20:37:48","date_gmt":"2026-01-27T20:37:48","guid":{"rendered":"https:\/\/www.deporteseli.com\/?product=camisa-adidas-ji6763"},"modified":"2026-03-07T06:17:41","modified_gmt":"2026-03-07T06:17:41","slug":"camisa-adidas-ji6763","status":"publish","type":"product","link":"https:\/\/www.deporteseli.com\/?product=camisa-adidas-ji6763","title":{"rendered":"CAMISA ADIDAS JI6763"},"content":{"rendered":"<p>Camiseta    gr\u00e1fica adidas Camouflage Shape para  hombreLa vida es una aventura. Celebra el viaje con esta camiseta gr\u00e1fica de adidas. Inspirada en el cl\u00e1sico camuflaje europeo, un atrevido gr\u00e1fico multicolor destaca en el pecho. El suave algod\u00f3n de punto sencillo te mantiene c\u00f3modo, te lleve donde te lleve el d\u00eda    .Una camiseta c\u00f3moda con un look de camuflaje genial.    Composici\u00f3n: 100% Algod\u00f3nN\u00famero de art\u00edculo    : KPJ98-JI6763                                                                                                                                                                                                                                                                                                                                                                                                                                                                                                                                                                                                                                                                                                                                                                                                                                                                                                                                                                                                                                        <\/p>\n","protected":false},"excerpt":{"rendered":"<p>CAMISA ADIDAS JI6763<\/p>\n","protected":false},"featured_media":57872,"template":"","meta":[],"product_brand":[],"product_cat":[245],"product_tag":[18],"class_list":{"0":"post-44876","1":"product","2":"type-product","3":"status-publish","4":"has-post-thumbnail","6":"product_cat-hombre_textil_camisetas","7":"product_tag-adidas","8":"pa_color-unico","9":"pa_talla-l","10":"pa_talla-m","11":"thunk-woo-product-list","12":"opn-qv-enable","13":"open-woo-hover-","14":"open-single-product-tab-horizontal","15":"open-shadow-","16":"open-shadow-hover-","18":"first","19":"instock","20":"shipping-taxable","21":"purchasable","22":"product-type-variable"},"jetpack_sharing_enabled":true,"_links":{"self":[{"href":"https:\/\/www.deporteseli.com\/index.php?rest_route=\/wp\/v2\/product\/44876","targetHints":{"allow":["GET"]}}],"collection":[{"href":"https:\/\/www.deporteseli.com\/index.php?rest_route=\/wp\/v2\/product"}],"about":[{"href":"https:\/\/www.deporteseli.com\/index.php?rest_route=\/wp\/v2\/types\/product"}],"wp:featuredmedia":[{"embeddable":true,"href":"https:\/\/www.deporteseli.com\/index.php?rest_route=\/wp\/v2\/media\/57872"}],"wp:attachment":[{"href":"https:\/\/www.deporteseli.com\/index.php?rest_route=%2Fwp%2Fv2%2Fmedia&parent=44876"}],"wp:term":[{"taxonomy":"product_brand","embeddable":true,"href":"https:\/\/www.deporteseli.com\/index.php?rest_route=%2Fwp%2Fv2%2Fproduct_brand&post=44876"},{"taxonomy":"product_cat","embeddable":true,"href":"https:\/\/www.deporteseli.com\/index.php?rest_route=%2Fwp%2Fv2%2Fproduct_cat&post=44876"},{"taxonomy":"product_tag","embeddable":true,"href":"https:\/\/www.deporteseli.com\/index.php?rest_route=%2Fwp%2Fv2%2Fproduct_tag&post=44876"}],"curies":[{"name":"wp","href":"https:\/\/api.w.org\/{rel}","templated":true}]}}