{"id":44870,"date":"2026-01-27T20:37:41","date_gmt":"2026-01-27T20:37:41","guid":{"rendered":"https:\/\/www.deporteseli.com\/?product=tenis-adidas-jh9240"},"modified":"2026-01-27T20:37:47","modified_gmt":"2026-01-27T20:37:47","slug":"tenis-adidas-jh9240","status":"publish","type":"product","link":"https:\/\/www.deporteseli.com\/?product=tenis-adidas-jh9240","title":{"rendered":"TENIS ADIDAS JH9240"},"content":{"rendered":"<p>Descripci\u00f3n  Estas zapatillas adidas para ni\u00f1os est\u00e1n hechas para la aventura. Con pr\u00e1cticos cierres de velcro, permite a los ni\u00f1os pon\u00e9rselo y quit\u00e1rselo en un abrir y cerrar de ojos. La parte superior sint\u00e9tica duradera proporciona la m\u00e1xima comodidad cuando corren para tomar el autob\u00fas o escalan rocas. La suela de goma garantiza un agarre \u00f3ptimo y no deja marcas para que los ni\u00f1os puedan usarla en cualquier lugar.                                                                                                                                                                                                                                                                                                                                                                                                                                                                                                                                                                                                                                                                                                                                                                                                                                                                                                                                                                                                                                        <\/p>\n","protected":false},"excerpt":{"rendered":"<p>TENIS ADIDAS JH9240<\/p>\n","protected":false},"featured_media":57867,"template":"","meta":[],"product_brand":[],"product_cat":[310],"product_tag":[18],"class_list":{"0":"post-44870","1":"product","2":"type-product","3":"status-publish","4":"has-post-thumbnail","6":"product_cat-nino_calzado_casual","7":"product_tag-adidas","8":"pa_color-unico","9":"pa_talla-127","10":"pa_talla-129","11":"pa_talla-131","12":"pa_talla-135","13":"pa_talla-139","14":"thunk-woo-product-list","15":"opn-qv-enable","16":"open-woo-hover-","17":"open-single-product-tab-horizontal","18":"open-shadow-","19":"open-shadow-hover-","21":"first","22":"instock","23":"sale","24":"shipping-taxable","25":"purchasable","26":"product-type-variable"},"jetpack_sharing_enabled":true,"_links":{"self":[{"href":"https:\/\/www.deporteseli.com\/index.php?rest_route=\/wp\/v2\/product\/44870","targetHints":{"allow":["GET"]}}],"collection":[{"href":"https:\/\/www.deporteseli.com\/index.php?rest_route=\/wp\/v2\/product"}],"about":[{"href":"https:\/\/www.deporteseli.com\/index.php?rest_route=\/wp\/v2\/types\/product"}],"wp:featuredmedia":[{"embeddable":true,"href":"https:\/\/www.deporteseli.com\/index.php?rest_route=\/wp\/v2\/media\/57867"}],"wp:attachment":[{"href":"https:\/\/www.deporteseli.com\/index.php?rest_route=%2Fwp%2Fv2%2Fmedia&parent=44870"}],"wp:term":[{"taxonomy":"product_brand","embeddable":true,"href":"https:\/\/www.deporteseli.com\/index.php?rest_route=%2Fwp%2Fv2%2Fproduct_brand&post=44870"},{"taxonomy":"product_cat","embeddable":true,"href":"https:\/\/www.deporteseli.com\/index.php?rest_route=%2Fwp%2Fv2%2Fproduct_cat&post=44870"},{"taxonomy":"product_tag","embeddable":true,"href":"https:\/\/www.deporteseli.com\/index.php?rest_route=%2Fwp%2Fv2%2Fproduct_tag&post=44870"}],"curies":[{"name":"wp","href":"https:\/\/api.w.org\/{rel}","templated":true}]}}