{"id":44864,"date":"2026-01-27T20:37:34","date_gmt":"2026-01-27T20:37:34","guid":{"rendered":"https:\/\/www.deporteseli.com\/?product=banador-adidas"},"modified":"2026-01-27T20:37:40","modified_gmt":"2026-01-27T20:37:40","slug":"banador-adidas","status":"publish","type":"product","link":"https:\/\/www.deporteseli.com\/?product=banador-adidas","title":{"rendered":"BA\u00f1ADOR ADIDAS"},"content":{"rendered":"<p>adidas Traje de Ba\u00f1o Ni\u00f1os &#8211; 3-Stripes &#8211; semi lucid red\/white JJ0438  Este deportivo ba\u00f1ador de adidas para ni\u00f1a luce las ic\u00f3nicas 3 bandas de adidas en el centro delantero del pecho.    Caracter\u00edsticas principales del ba\u00f1ador adidas 3-Stripes Mid para ni\u00f1a  El ba\u00f1ador es el\u00e1stico y se amolda al cuerpo para un rendimiento \u00f3ptimo  La tecnolog\u00eda Infinitex garantiza que el ba\u00f1ador resista los da\u00f1os del cloro durante m\u00e1s tiempo para prolongar la vida \u00fatil de nuestros ba\u00f1adores  Dise\u00f1ado para entrenamientos de nataci\u00f3n ocasionales y regulares  Un ba\u00f1ador fabricado en parte con materiales reciclados  Detalles del ba\u00f1ador adidas 3-Stripes Mid para ni\u00f1a  Con este ba\u00f1ador adidas para ni\u00f1a, podr\u00e1s moverte con determinaci\u00f3n por el agua. El tejido Infinitex de secado r\u00e1pido resiste los da\u00f1os del cloro, alargando la vida de tu ba\u00f1ador. Las ic\u00f3nicas 3 bandas de la parte delantera te conectan con la tradici\u00f3n de rendimiento de adidas. Este producto est\u00e1 fabricado con al menos un 70% de materiales reciclados.        Material 78% poliamida, 22% elastano                                                                                                                                                                                                                                                                                                                                                                                                                                                                                                                                                                                                                                                                                                                                                                                                                                                                                                                                                                                                                                        <\/p>\n","protected":false},"excerpt":{"rendered":"<p>BA\u00f1ADOR ADIDAS<\/p>\n","protected":false},"featured_media":57863,"template":"","meta":[],"product_brand":[],"product_cat":[377],"product_tag":[18],"class_list":{"0":"post-44864","1":"product","2":"type-product","3":"status-publish","4":"has-post-thumbnail","6":"product_cat-ninas_textil_banadores","7":"product_tag-adidas","8":"pa_color-unico","9":"pa_talla-169","10":"pa_talla-t-12","11":"pa_talla-t-14","12":"pa_talla-t-6","13":"pa_talla-t-8","14":"thunk-woo-product-list","15":"opn-qv-enable","16":"open-woo-hover-","17":"open-single-product-tab-horizontal","18":"open-shadow-","19":"open-shadow-hover-","21":"first","22":"instock","23":"shipping-taxable","24":"purchasable","25":"product-type-variable"},"jetpack_sharing_enabled":true,"_links":{"self":[{"href":"https:\/\/www.deporteseli.com\/index.php?rest_route=\/wp\/v2\/product\/44864","targetHints":{"allow":["GET"]}}],"collection":[{"href":"https:\/\/www.deporteseli.com\/index.php?rest_route=\/wp\/v2\/product"}],"about":[{"href":"https:\/\/www.deporteseli.com\/index.php?rest_route=\/wp\/v2\/types\/product"}],"wp:featuredmedia":[{"embeddable":true,"href":"https:\/\/www.deporteseli.com\/index.php?rest_route=\/wp\/v2\/media\/57863"}],"wp:attachment":[{"href":"https:\/\/www.deporteseli.com\/index.php?rest_route=%2Fwp%2Fv2%2Fmedia&parent=44864"}],"wp:term":[{"taxonomy":"product_brand","embeddable":true,"href":"https:\/\/www.deporteseli.com\/index.php?rest_route=%2Fwp%2Fv2%2Fproduct_brand&post=44864"},{"taxonomy":"product_cat","embeddable":true,"href":"https:\/\/www.deporteseli.com\/index.php?rest_route=%2Fwp%2Fv2%2Fproduct_cat&post=44864"},{"taxonomy":"product_tag","embeddable":true,"href":"https:\/\/www.deporteseli.com\/index.php?rest_route=%2Fwp%2Fv2%2Fproduct_tag&post=44864"}],"curies":[{"name":"wp","href":"https:\/\/api.w.org\/{rel}","templated":true}]}}