{"id":44862,"date":"2026-01-27T20:37:31","date_gmt":"2026-01-27T20:37:31","guid":{"rendered":"https:\/\/www.deporteseli.com\/?product=camisa-adidas-jg8716-25"},"modified":"2026-03-07T06:17:38","modified_gmt":"2026-03-07T06:17:38","slug":"camisa-adidas-jg8716-25","status":"publish","type":"product","link":"https:\/\/www.deporteseli.com\/?product=camisa-adidas-jg8716-25","title":{"rendered":"CAMISA ADIDAS JG8716\/25"},"content":{"rendered":"<p>Descripci\u00f3n  Esta camiseta sin mangas de adidas est\u00e1 dise\u00f1ada para los d\u00edas soleados en los que solo quieres sentir la brisa en la piel. Est\u00e1 dise\u00f1ada para usarse sola o en capas y tiene sisas anchas para una mayor libertad de movimiento. El logotipo de 3 rayas de adidas en la parte delantera le aporta un toque deportivo.                                                                                                                                                                                                                                                                                                                                                                                                                                                                                                                                                                                                                                                                                                                                                                                                                                                                                                                                                                                                                                        <\/p>\n","protected":false},"excerpt":{"rendered":"<p>CAMISA ADIDAS JG8716\/25<\/p>\n","protected":false},"featured_media":57860,"template":"","meta":[],"product_brand":[],"product_cat":[269],"product_tag":[18],"class_list":{"0":"post-44862","1":"product","2":"type-product","3":"status-publish","4":"has-post-thumbnail","6":"product_cat-mujer_textil_camisetas","7":"product_tag-adidas","8":"pa_color-unico","9":"pa_talla-s","10":"thunk-woo-product-list","11":"opn-qv-enable","12":"open-woo-hover-","13":"open-single-product-tab-horizontal","14":"open-shadow-","15":"open-shadow-hover-","17":"first","18":"instock","19":"shipping-taxable","20":"purchasable","21":"product-type-variable"},"jetpack_sharing_enabled":true,"_links":{"self":[{"href":"https:\/\/www.deporteseli.com\/index.php?rest_route=\/wp\/v2\/product\/44862","targetHints":{"allow":["GET"]}}],"collection":[{"href":"https:\/\/www.deporteseli.com\/index.php?rest_route=\/wp\/v2\/product"}],"about":[{"href":"https:\/\/www.deporteseli.com\/index.php?rest_route=\/wp\/v2\/types\/product"}],"wp:featuredmedia":[{"embeddable":true,"href":"https:\/\/www.deporteseli.com\/index.php?rest_route=\/wp\/v2\/media\/57860"}],"wp:attachment":[{"href":"https:\/\/www.deporteseli.com\/index.php?rest_route=%2Fwp%2Fv2%2Fmedia&parent=44862"}],"wp:term":[{"taxonomy":"product_brand","embeddable":true,"href":"https:\/\/www.deporteseli.com\/index.php?rest_route=%2Fwp%2Fv2%2Fproduct_brand&post=44862"},{"taxonomy":"product_cat","embeddable":true,"href":"https:\/\/www.deporteseli.com\/index.php?rest_route=%2Fwp%2Fv2%2Fproduct_cat&post=44862"},{"taxonomy":"product_tag","embeddable":true,"href":"https:\/\/www.deporteseli.com\/index.php?rest_route=%2Fwp%2Fv2%2Fproduct_tag&post=44862"}],"curies":[{"name":"wp","href":"https:\/\/api.w.org\/{rel}","templated":true}]}}