{"id":44847,"date":"2026-01-27T20:37:12","date_gmt":"2026-01-27T20:37:12","guid":{"rendered":"https:\/\/www.deporteseli.com\/?product=zapatilla-joma-meta-2513"},"modified":"2026-02-26T05:19:19","modified_gmt":"2026-02-26T05:19:19","slug":"zapatilla-joma-meta-2513","status":"publish","type":"product","link":"https:\/\/www.deporteseli.com\/?product=zapatilla-joma-meta-2513","title":{"rendered":"ZAPATILLA JOMA META 2513"},"content":{"rendered":"<p>Descripci\u00f3n:  Zapatillas Joma Meta Lady para mujer  Destinadas a corredoras de peso medio que se est\u00e1n iniciando en el running  Dise\u00f1o fabricado en textil con malla transpirable  Cierre en cordones para una mejor sujeci\u00f3n  La puntera y la suela exterior de goma s\u00f3lida aumentan su durabilidad  La plantilla es de Eva lisa y premoldeada, otorgando una comodidad plena a la hora de caminar  La mediasuela est\u00e1 compuesta de phylon para optimizar la amortiguaci\u00f3n y estabilizar la pisada  Refuerzo en la puntera que las hace m\u00e1s resistentes                                                                                                                                                                                                                                                                                                                                                                                                                                                                                                                                                                                                                                                                                                                                                                                                                                                                                                                                                                                                                                        <\/p>\n","protected":false},"excerpt":{"rendered":"<p>ZAPATILLA JOMA META 2513<\/p>\n","protected":false},"featured_media":57851,"template":"","meta":[],"product_brand":[],"product_cat":[285],"product_tag":[31],"class_list":{"0":"post-44847","1":"product","2":"type-product","3":"status-publish","4":"has-post-thumbnail","6":"product_cat-mujer_calzado_running","7":"product_tag-joma","8":"pa_color-unico","9":"pa_talla-143","10":"pa_talla-147","11":"thunk-woo-product-list","12":"opn-qv-enable","13":"open-woo-hover-","14":"open-single-product-tab-horizontal","15":"open-shadow-","16":"open-shadow-hover-","18":"first","19":"instock","20":"sale","21":"shipping-taxable","22":"purchasable","23":"product-type-variable"},"jetpack_sharing_enabled":true,"_links":{"self":[{"href":"https:\/\/www.deporteseli.com\/index.php?rest_route=\/wp\/v2\/product\/44847","targetHints":{"allow":["GET"]}}],"collection":[{"href":"https:\/\/www.deporteseli.com\/index.php?rest_route=\/wp\/v2\/product"}],"about":[{"href":"https:\/\/www.deporteseli.com\/index.php?rest_route=\/wp\/v2\/types\/product"}],"wp:featuredmedia":[{"embeddable":true,"href":"https:\/\/www.deporteseli.com\/index.php?rest_route=\/wp\/v2\/media\/57851"}],"wp:attachment":[{"href":"https:\/\/www.deporteseli.com\/index.php?rest_route=%2Fwp%2Fv2%2Fmedia&parent=44847"}],"wp:term":[{"taxonomy":"product_brand","embeddable":true,"href":"https:\/\/www.deporteseli.com\/index.php?rest_route=%2Fwp%2Fv2%2Fproduct_brand&post=44847"},{"taxonomy":"product_cat","embeddable":true,"href":"https:\/\/www.deporteseli.com\/index.php?rest_route=%2Fwp%2Fv2%2Fproduct_cat&post=44847"},{"taxonomy":"product_tag","embeddable":true,"href":"https:\/\/www.deporteseli.com\/index.php?rest_route=%2Fwp%2Fv2%2Fproduct_tag&post=44847"}],"curies":[{"name":"wp","href":"https:\/\/api.w.org\/{rel}","templated":true}]}}