{"id":44839,"date":"2026-01-27T20:37:01","date_gmt":"2026-01-27T20:37:01","guid":{"rendered":"https:\/\/www.deporteseli.com\/?product=fila-memory-dorado-2-nanobionic"},"modified":"2026-04-22T04:17:59","modified_gmt":"2026-04-22T04:17:59","slug":"fila-memory-dorado-2-nanobionic","status":"publish","type":"product","link":"https:\/\/www.deporteseli.com\/?product=fila-memory-dorado-2-nanobionic","title":{"rendered":"FILA MEMORY DORADO 2 NANOBIONIC"},"content":{"rendered":"<p>FILA MEMORY DORADO 2 NANOBIONIC 1AF43002-330 Carb\u00f3n   Tus paseos tendr\u00e1n un aire  espacial  con las zapatillas de running para hombre Fila Memory Dorado 2 Nanobionic! Las zapatillas de running para hombre cuentan con la tecnolog\u00eda Nanobionic RE-3 reconocida por la NASA y una plantilla de espuma viscoel\u00e1stica para mayor comodidad en cada paso. La suela de goma proporciona tracci\u00f3n y durabilidad.    Caracter\u00edsticas:    Parte superior de malla  Tecnolog\u00eda nanobi\u00f3nica RE-3, basada en materiales met\u00e1licos y biocer\u00e1micos  Plantilla de espuma viscoel\u00e1stica para mayor comodidad en cada paso.  Suela de goma para mayor durabilidad.  Cierre de encaje                                                                                                                                                                                                                                                                                                                                                                                                                                                                                                                                                                                                                                                                                                                                                                                                                                                                                                                                                                                                                                        <\/p>\n","protected":false},"excerpt":{"rendered":"<p>FILA MEMORY DORADO 2 NANOBIONIC<\/p>\n","protected":false},"featured_media":57840,"template":"","meta":[],"product_brand":[],"product_cat":[259],"product_tag":[46],"class_list":{"0":"post-44839","1":"product","2":"type-product","3":"status-publish","4":"has-post-thumbnail","6":"product_cat-hombre_calzado_running","7":"product_tag-fila","8":"pa_color-unico","9":"pa_talla-149","10":"pa_talla-153","11":"thunk-woo-product-list","12":"opn-qv-enable","13":"open-woo-hover-","14":"open-single-product-tab-horizontal","15":"open-shadow-","16":"open-shadow-hover-","18":"first","19":"instock","20":"sale","21":"shipping-taxable","22":"purchasable","23":"product-type-variable"},"jetpack_sharing_enabled":true,"_links":{"self":[{"href":"https:\/\/www.deporteseli.com\/index.php?rest_route=\/wp\/v2\/product\/44839","targetHints":{"allow":["GET"]}}],"collection":[{"href":"https:\/\/www.deporteseli.com\/index.php?rest_route=\/wp\/v2\/product"}],"about":[{"href":"https:\/\/www.deporteseli.com\/index.php?rest_route=\/wp\/v2\/types\/product"}],"wp:featuredmedia":[{"embeddable":true,"href":"https:\/\/www.deporteseli.com\/index.php?rest_route=\/wp\/v2\/media\/57840"}],"wp:attachment":[{"href":"https:\/\/www.deporteseli.com\/index.php?rest_route=%2Fwp%2Fv2%2Fmedia&parent=44839"}],"wp:term":[{"taxonomy":"product_brand","embeddable":true,"href":"https:\/\/www.deporteseli.com\/index.php?rest_route=%2Fwp%2Fv2%2Fproduct_brand&post=44839"},{"taxonomy":"product_cat","embeddable":true,"href":"https:\/\/www.deporteseli.com\/index.php?rest_route=%2Fwp%2Fv2%2Fproduct_cat&post=44839"},{"taxonomy":"product_tag","embeddable":true,"href":"https:\/\/www.deporteseli.com\/index.php?rest_route=%2Fwp%2Fv2%2Fproduct_tag&post=44839"}],"curies":[{"name":"wp","href":"https:\/\/api.w.org\/{rel}","templated":true}]}}