{"id":44831,"date":"2026-01-27T20:36:50","date_gmt":"2026-01-27T20:36:50","guid":{"rendered":"https:\/\/www.deporteseli.com\/?product=asics-icon-ss-top"},"modified":"2026-04-22T04:17:56","modified_gmt":"2026-04-22T04:17:56","slug":"asics-icon-ss-top","status":"publish","type":"product","link":"https:\/\/www.deporteseli.com\/?product=asics-icon-ss-top","title":{"rendered":"ASICS ICON SS TOP"},"content":{"rendered":"<p>Descripci\u00f3n  Afronta tu rutina de running con comodidad con el pantal\u00f3n corto ICON 7IN SHORT. Est\u00e1 confeccionado con un tejido ligero de alto rendimiento y costuras planas que aportan una mayor comodidad y libertad de movimiento. El dise\u00f1o del dobladillo trasero ca\u00eddo y curvado ayuda a proporcionar mayor cobertura. Al menos el 50 % del material principal de la prenda est\u00e1 fabricado con materiales reciclados para reducir los residuos y las emisiones de carbono.                                                                                                                                                                                                                                                                                                                                                                                                                                                                                                                                                                                                                                                                                                                                                                                                                                                                                                                                                                                                                                        <\/p>\n","protected":false},"excerpt":{"rendered":"<p>ASICS ICON SS TOP<\/p>\n","protected":false},"featured_media":57836,"template":"","meta":[],"product_brand":[],"product_cat":[245],"product_tag":[19],"class_list":{"0":"post-44831","1":"product","2":"type-product","3":"status-publish","4":"has-post-thumbnail","6":"product_cat-hombre_textil_camisetas","7":"product_tag-asics","8":"pa_color-unico","9":"pa_talla-l","10":"pa_talla-m","11":"pa_talla-s","12":"thunk-woo-product-list","13":"opn-qv-enable","14":"open-woo-hover-","15":"open-single-product-tab-horizontal","16":"open-shadow-","17":"open-shadow-hover-","19":"first","20":"instock","21":"shipping-taxable","22":"purchasable","23":"product-type-variable"},"jetpack_sharing_enabled":true,"_links":{"self":[{"href":"https:\/\/www.deporteseli.com\/index.php?rest_route=\/wp\/v2\/product\/44831","targetHints":{"allow":["GET"]}}],"collection":[{"href":"https:\/\/www.deporteseli.com\/index.php?rest_route=\/wp\/v2\/product"}],"about":[{"href":"https:\/\/www.deporteseli.com\/index.php?rest_route=\/wp\/v2\/types\/product"}],"wp:featuredmedia":[{"embeddable":true,"href":"https:\/\/www.deporteseli.com\/index.php?rest_route=\/wp\/v2\/media\/57836"}],"wp:attachment":[{"href":"https:\/\/www.deporteseli.com\/index.php?rest_route=%2Fwp%2Fv2%2Fmedia&parent=44831"}],"wp:term":[{"taxonomy":"product_brand","embeddable":true,"href":"https:\/\/www.deporteseli.com\/index.php?rest_route=%2Fwp%2Fv2%2Fproduct_brand&post=44831"},{"taxonomy":"product_cat","embeddable":true,"href":"https:\/\/www.deporteseli.com\/index.php?rest_route=%2Fwp%2Fv2%2Fproduct_cat&post=44831"},{"taxonomy":"product_tag","embeddable":true,"href":"https:\/\/www.deporteseli.com\/index.php?rest_route=%2Fwp%2Fv2%2Fproduct_tag&post=44831"}],"curies":[{"name":"wp","href":"https:\/\/api.w.org\/{rel}","templated":true}]}}