{"id":44823,"date":"2026-01-27T20:36:41","date_gmt":"2026-01-27T20:36:41","guid":{"rendered":"https:\/\/www.deporteseli.com\/?product=asics-core-ss-top"},"modified":"2026-03-07T06:17:18","modified_gmt":"2026-03-07T06:17:18","slug":"asics-core-ss-top","status":"publish","type":"product","link":"https:\/\/www.deporteseli.com\/?product=asics-core-ss-top","title":{"rendered":"ASICS CORE SS TOP"},"content":{"rendered":"<p>Descripci\u00f3n  Esta es nuestra camiseta de manga corta preferida para correr a diario. Este top cuenta con tejidos avanzados que dirigen tu mente hacia un espacio mental positivo despu\u00e9s de la carrera. El tejido de punto ligero y de secado r\u00e1pido mejora el control de la humedad para que puedas mantener el confort durante tus carreras. Por otro lado, el dise\u00f1o de costuras planas de la camiseta ayuda a reducir las rozaduras mientras corres. Adem\u00e1s, los detalles reflectantes de esta prenda est\u00e1n dise\u00f1ados para aumentar tu visibilidad cuando corres en condiciones de poca luz.    Como m\u00ednimo el 50 % del material principal de la prenda se ha fabricado con material reciclado, reduciendo as\u00ed los residuos y las emisiones de carbono.                                                                                                                                                                                                                                                                                                                                                                                                                                                                                                                                                                                                                                                                                                                                                                                                                                                                                                                                                                                                                                        <\/p>\n","protected":false},"excerpt":{"rendered":"<p>ASICS CORE SS TOP<\/p>\n","protected":false},"featured_media":57832,"template":"","meta":[],"product_brand":[],"product_cat":[245],"product_tag":[19],"class_list":{"0":"post-44823","1":"product","2":"type-product","3":"status-publish","4":"has-post-thumbnail","6":"product_cat-hombre_textil_camisetas","7":"product_tag-asics","8":"pa_color-unico","9":"pa_talla-l","10":"pa_talla-m","11":"pa_talla-s","12":"pa_talla-xl","13":"thunk-woo-product-list","14":"opn-qv-enable","15":"open-woo-hover-","16":"open-single-product-tab-horizontal","17":"open-shadow-","18":"open-shadow-hover-","20":"first","21":"instock","22":"shipping-taxable","23":"purchasable","24":"product-type-variable"},"jetpack_sharing_enabled":true,"_links":{"self":[{"href":"https:\/\/www.deporteseli.com\/index.php?rest_route=\/wp\/v2\/product\/44823","targetHints":{"allow":["GET"]}}],"collection":[{"href":"https:\/\/www.deporteseli.com\/index.php?rest_route=\/wp\/v2\/product"}],"about":[{"href":"https:\/\/www.deporteseli.com\/index.php?rest_route=\/wp\/v2\/types\/product"}],"wp:featuredmedia":[{"embeddable":true,"href":"https:\/\/www.deporteseli.com\/index.php?rest_route=\/wp\/v2\/media\/57832"}],"wp:attachment":[{"href":"https:\/\/www.deporteseli.com\/index.php?rest_route=%2Fwp%2Fv2%2Fmedia&parent=44823"}],"wp:term":[{"taxonomy":"product_brand","embeddable":true,"href":"https:\/\/www.deporteseli.com\/index.php?rest_route=%2Fwp%2Fv2%2Fproduct_brand&post=44823"},{"taxonomy":"product_cat","embeddable":true,"href":"https:\/\/www.deporteseli.com\/index.php?rest_route=%2Fwp%2Fv2%2Fproduct_cat&post=44823"},{"taxonomy":"product_tag","embeddable":true,"href":"https:\/\/www.deporteseli.com\/index.php?rest_route=%2Fwp%2Fv2%2Fproduct_tag&post=44823"}],"curies":[{"name":"wp","href":"https:\/\/api.w.org\/{rel}","templated":true}]}}