{"id":44818,"date":"2026-01-27T20:36:35","date_gmt":"2026-01-27T20:36:35","guid":{"rendered":"https:\/\/www.deporteseli.com\/?product=gel-court-hunter-3-2"},"modified":"2026-03-11T05:18:34","modified_gmt":"2026-03-11T05:18:34","slug":"gel-court-hunter-3-2","status":"publish","type":"product","link":"https:\/\/www.deporteseli.com\/?product=gel-court-hunter-3-2","title":{"rendered":"GEL-COURT HUNTER 3"},"content":{"rendered":"<p>Descripci\u00f3n  La zapatilla GEL-COURT HUNTER 3a mejora la sujeci\u00f3n y la flexibilidad en la pista, dise\u00f1ada para deportistas de competici\u00f3n en pista cubierta.    Gracias a un dise\u00f1o lateral envolvente, aumenta la estabilidad del antepi\u00e9 en los movimientos multidireccionales. Adem\u00e1s, la tecnolog\u00eda GEL en el antepi\u00e9 mejora la absorci\u00f3n de impactos y permite un aterrizaje m\u00e1s suave.    Zapatilla perfecta para dar giros gracias a la zona de rotaci\u00f3n de la suela, con surcos flexibles m\u00e1s profundos que aportan m\u00e1s flexibilidad en los movimientos multidireccionales y las transiciones bruscas.                                                                                                                                                                                                                                                                                                                                                                                                                                                                                                                                                                                                                                                                                                                                                                                                                                                                                                                                                                                                                                        <\/p>\n","protected":false},"excerpt":{"rendered":"<p>GEL-COURT HUNTER 3<\/p>\n","protected":false},"featured_media":57827,"template":"","meta":[],"product_brand":[],"product_cat":[371],"product_tag":[19],"class_list":{"0":"post-44818","1":"product","2":"type-product","3":"status-publish","4":"has-post-thumbnail","6":"product_cat-padel_y_tenis_calzado","7":"product_tag-asics","8":"pa_color-unico","9":"pa_talla-141","10":"pa_talla-143","11":"pa_talla-37-5","12":"pa_talla-147","13":"thunk-woo-product-list","14":"opn-qv-enable","15":"open-woo-hover-","16":"open-single-product-tab-horizontal","17":"open-shadow-","18":"open-shadow-hover-","20":"first","21":"instock","22":"sale","23":"shipping-taxable","24":"purchasable","25":"product-type-variable"},"jetpack_sharing_enabled":true,"_links":{"self":[{"href":"https:\/\/www.deporteseli.com\/index.php?rest_route=\/wp\/v2\/product\/44818","targetHints":{"allow":["GET"]}}],"collection":[{"href":"https:\/\/www.deporteseli.com\/index.php?rest_route=\/wp\/v2\/product"}],"about":[{"href":"https:\/\/www.deporteseli.com\/index.php?rest_route=\/wp\/v2\/types\/product"}],"wp:featuredmedia":[{"embeddable":true,"href":"https:\/\/www.deporteseli.com\/index.php?rest_route=\/wp\/v2\/media\/57827"}],"wp:attachment":[{"href":"https:\/\/www.deporteseli.com\/index.php?rest_route=%2Fwp%2Fv2%2Fmedia&parent=44818"}],"wp:term":[{"taxonomy":"product_brand","embeddable":true,"href":"https:\/\/www.deporteseli.com\/index.php?rest_route=%2Fwp%2Fv2%2Fproduct_brand&post=44818"},{"taxonomy":"product_cat","embeddable":true,"href":"https:\/\/www.deporteseli.com\/index.php?rest_route=%2Fwp%2Fv2%2Fproduct_cat&post=44818"},{"taxonomy":"product_tag","embeddable":true,"href":"https:\/\/www.deporteseli.com\/index.php?rest_route=%2Fwp%2Fv2%2Fproduct_tag&post=44818"}],"curies":[{"name":"wp","href":"https:\/\/api.w.org\/{rel}","templated":true}]}}