{"id":44809,"date":"2026-01-27T20:36:24","date_gmt":"2026-01-27T20:36:24","guid":{"rendered":"https:\/\/www.deporteseli.com\/?product=gel-court-hunter-3"},"modified":"2026-03-17T05:18:37","modified_gmt":"2026-03-17T05:18:37","slug":"gel-court-hunter-3","status":"publish","type":"product","link":"https:\/\/www.deporteseli.com\/?product=gel-court-hunter-3","title":{"rendered":"GEL-COURT HUNTER 3"},"content":{"rendered":"<p>Descripci\u00f3n  La zapatilla GEL-COURT HUNTER 3a mejora la sujeci\u00f3n y la flexibilidad en la pista, dise\u00f1ada para deportistas de competici\u00f3n en pista cubierta.    Incluye suela con separaci\u00f3n para dar pasos m\u00e1s r\u00e1pidos. Con menos goma para una zapatilla m\u00e1s ligera que la versi\u00f3n anterior.    Los surcos flexibles de la suela mejoran el movimiento del pie en las transiciones bruscas y mejoran la flexibilidad.                                                                                                                                                                                                                                                                                                                                                                                                                                                                                                                                                                                                                                                                                                                                                                                                                                                                                                                                                                                                                                        <\/p>\n","protected":false},"excerpt":{"rendered":"<p>GEL-COURT HUNTER 3<\/p>\n","protected":false},"featured_media":57822,"template":"","meta":[],"product_brand":[],"product_cat":[371],"product_tag":[19],"class_list":{"0":"post-44809","1":"product","2":"type-product","3":"status-publish","4":"has-post-thumbnail","6":"product_cat-padel_y_tenis_calzado","7":"product_tag-asics","8":"pa_color-unico","9":"pa_talla-147","10":"pa_talla-41-5","11":"pa_talla-153","12":"pa_talla-42-5","13":"pa_talla-43-5","14":"pa_talla-157","15":"pa_talla-159","16":"pa_talla-161","17":"thunk-woo-product-list","18":"opn-qv-enable","19":"open-woo-hover-","20":"open-single-product-tab-horizontal","21":"open-shadow-","22":"open-shadow-hover-","24":"first","25":"instock","26":"sale","27":"shipping-taxable","28":"purchasable","29":"product-type-variable"},"jetpack_sharing_enabled":true,"_links":{"self":[{"href":"https:\/\/www.deporteseli.com\/index.php?rest_route=\/wp\/v2\/product\/44809","targetHints":{"allow":["GET"]}}],"collection":[{"href":"https:\/\/www.deporteseli.com\/index.php?rest_route=\/wp\/v2\/product"}],"about":[{"href":"https:\/\/www.deporteseli.com\/index.php?rest_route=\/wp\/v2\/types\/product"}],"wp:featuredmedia":[{"embeddable":true,"href":"https:\/\/www.deporteseli.com\/index.php?rest_route=\/wp\/v2\/media\/57822"}],"wp:attachment":[{"href":"https:\/\/www.deporteseli.com\/index.php?rest_route=%2Fwp%2Fv2%2Fmedia&parent=44809"}],"wp:term":[{"taxonomy":"product_brand","embeddable":true,"href":"https:\/\/www.deporteseli.com\/index.php?rest_route=%2Fwp%2Fv2%2Fproduct_brand&post=44809"},{"taxonomy":"product_cat","embeddable":true,"href":"https:\/\/www.deporteseli.com\/index.php?rest_route=%2Fwp%2Fv2%2Fproduct_cat&post=44809"},{"taxonomy":"product_tag","embeddable":true,"href":"https:\/\/www.deporteseli.com\/index.php?rest_route=%2Fwp%2Fv2%2Fproduct_tag&post=44809"}],"curies":[{"name":"wp","href":"https:\/\/api.w.org\/{rel}","templated":true}]}}