{"id":44807,"date":"2026-01-27T20:36:21","date_gmt":"2026-01-27T20:36:21","guid":{"rendered":"https:\/\/www.deporteseli.com\/?product=gel-challenger-14-clay-2"},"modified":"2026-01-27T20:36:23","modified_gmt":"2026-01-27T20:36:23","slug":"gel-challenger-14-clay-2","status":"publish","type":"product","link":"https:\/\/www.deporteseli.com\/?product=gel-challenger-14-clay-2","title":{"rendered":"GEL CHALLENGER 14 CLAY"},"content":{"rendered":"<p>Las zapatillas de tenis para mujer Asics Gel Challenger 14 Clay te garantizan la estabilidad que necesitas cuando recorres la l\u00ednea de fondo, y el apoyo que necesita para hacer cada movimiento en la pista. Adecuadas para pistas de arcilla.  Detalles:    Empeine de una sola pieza que garantiza una mejor sujeci\u00f3n durante los movimientos  Tecnolog\u00eda WingWall en la entresuela que mejora los movimientos laterales  Sistema de protecci\u00f3n de la puntera PGuard, un compuesto de resina\/caucho adherido al antepi\u00e9 que brinda mayor resistencia y protecci\u00f3n  Suela con estructura de tal\u00f3n separada que ofrece mayor estabilidad en aterrizajes bruscos  Tal\u00f3n firme en la base para mayor sujeci\u00f3n y m\u00e1s suave en la parte superior para mayor comodidad  Cuello y leng\u00fceta acolchados  Plantilla extra\u00edble Ortholite  Suela que no deja marcas  Ahar   Versi\u00f3n m\u00e1s fina y ligera, pero particularmente resistente, de la goma AHAR posicionada en la zona de mayor impacto de la suela para reducir el desgaste excesivo.    Rearfoot Gel  Asics Gel es un sistema de amortiguaci\u00f3n que emplea la silicona para responder a la necesidad de los atletas tanto profesionales como diletantes. Rearfoot Gel ofrece amortiguaci\u00f3n en toda direcci\u00f3n, absorbe los choques y ayuda a estabilizar el pie durante el impacto del tal\u00f3n.                                                                                                                                                                                                                                                                                                                                                                                                                                                                                                                                                                                                                                                                                                                                                                                                                                                                                                                                                                                                                                        <\/p>\n","protected":false},"excerpt":{"rendered":"<p>GEL CHALLENGER 14 CLAY<\/p>\n","protected":false},"featured_media":57816,"template":"","meta":[],"product_brand":[],"product_cat":[371],"product_tag":[19],"class_list":{"0":"post-44807","1":"product","2":"type-product","3":"status-publish","4":"has-post-thumbnail","6":"product_cat-padel_y_tenis_calzado","7":"product_tag-asics","8":"pa_color-unico","9":"pa_talla-145","10":"thunk-woo-product-list","11":"opn-qv-enable","12":"open-woo-hover-","13":"open-single-product-tab-horizontal","14":"open-shadow-","15":"open-shadow-hover-","17":"first","18":"instock","19":"sale","20":"shipping-taxable","21":"purchasable","22":"product-type-variable"},"jetpack_sharing_enabled":true,"_links":{"self":[{"href":"https:\/\/www.deporteseli.com\/index.php?rest_route=\/wp\/v2\/product\/44807","targetHints":{"allow":["GET"]}}],"collection":[{"href":"https:\/\/www.deporteseli.com\/index.php?rest_route=\/wp\/v2\/product"}],"about":[{"href":"https:\/\/www.deporteseli.com\/index.php?rest_route=\/wp\/v2\/types\/product"}],"wp:featuredmedia":[{"embeddable":true,"href":"https:\/\/www.deporteseli.com\/index.php?rest_route=\/wp\/v2\/media\/57816"}],"wp:attachment":[{"href":"https:\/\/www.deporteseli.com\/index.php?rest_route=%2Fwp%2Fv2%2Fmedia&parent=44807"}],"wp:term":[{"taxonomy":"product_brand","embeddable":true,"href":"https:\/\/www.deporteseli.com\/index.php?rest_route=%2Fwp%2Fv2%2Fproduct_brand&post=44807"},{"taxonomy":"product_cat","embeddable":true,"href":"https:\/\/www.deporteseli.com\/index.php?rest_route=%2Fwp%2Fv2%2Fproduct_cat&post=44807"},{"taxonomy":"product_tag","embeddable":true,"href":"https:\/\/www.deporteseli.com\/index.php?rest_route=%2Fwp%2Fv2%2Fproduct_tag&post=44807"}],"curies":[{"name":"wp","href":"https:\/\/api.w.org\/{rel}","templated":true}]}}