{"id":44802,"date":"2026-01-27T20:36:11","date_gmt":"2026-01-27T20:36:11","guid":{"rendered":"https:\/\/www.deporteseli.com\/?product=camisa-ellesse-ferrare-2"},"modified":"2026-03-07T06:17:10","modified_gmt":"2026-03-07T06:17:10","slug":"camisa-ellesse-ferrare-2","status":"publish","type":"product","link":"https:\/\/www.deporteseli.com\/?product=camisa-ellesse-ferrare-2","title":{"rendered":"CAMISA ELLESSE FERRARE"},"content":{"rendered":"<p>Descripci\u00f3n  La camiseta Ellesse Ferrare para hombre en color blanco es una prenda esencial para cualquier armario moderno.  Confeccionada en un suave tejido de algod\u00f3n al cien por ciento, ofrece comodidad y frescura durante todo el d\u00eda.  Su dise\u00f1o de manga corta y su corte cl\u00e1sico la hacen perfecta para diversas ocasiones, desde un d\u00eda casual hasta una salida con amigos.  Esta camiseta se destaca por su distintiva marca en el pecho, que a\u00f1ade un toque de estilo.  Combina versatilidad y moda en una sola pieza que no puede faltar en tu colecci\u00f3n.  Elige la camiseta Ellesse Ferrare para lucir siempre a la moda y sentirte c\u00f3modo en cualquier momento.    Caracter\u00edsticas  Camiseta  Manga corta  Confeccionada en algod\u00f3n 100%  Corte cl\u00e1sico e incorpora nuestra marca en el pecho                                                                                                                                                                                                                                                                                                                                                                                                                                                                                                                                                                                                                                                                                                                                                                                                                                                                                                                                                                                                                                        <\/p>\n","protected":false},"excerpt":{"rendered":"<p>CAMISA ELLESSE FERRARE<\/p>\n","protected":false},"featured_media":57810,"template":"","meta":[],"product_brand":[],"product_cat":[245],"product_tag":[52],"class_list":{"0":"post-44802","1":"product","2":"type-product","3":"status-publish","4":"has-post-thumbnail","6":"product_cat-hombre_textil_camisetas","7":"product_tag-ellesse","8":"pa_color-unico","9":"pa_talla-m","10":"thunk-woo-product-list","11":"opn-qv-enable","12":"open-woo-hover-","13":"open-single-product-tab-horizontal","14":"open-shadow-","15":"open-shadow-hover-","17":"first","18":"instock","19":"shipping-taxable","20":"purchasable","21":"product-type-variable"},"jetpack_sharing_enabled":true,"_links":{"self":[{"href":"https:\/\/www.deporteseli.com\/index.php?rest_route=\/wp\/v2\/product\/44802","targetHints":{"allow":["GET"]}}],"collection":[{"href":"https:\/\/www.deporteseli.com\/index.php?rest_route=\/wp\/v2\/product"}],"about":[{"href":"https:\/\/www.deporteseli.com\/index.php?rest_route=\/wp\/v2\/types\/product"}],"wp:featuredmedia":[{"embeddable":true,"href":"https:\/\/www.deporteseli.com\/index.php?rest_route=\/wp\/v2\/media\/57810"}],"wp:attachment":[{"href":"https:\/\/www.deporteseli.com\/index.php?rest_route=%2Fwp%2Fv2%2Fmedia&parent=44802"}],"wp:term":[{"taxonomy":"product_brand","embeddable":true,"href":"https:\/\/www.deporteseli.com\/index.php?rest_route=%2Fwp%2Fv2%2Fproduct_brand&post=44802"},{"taxonomy":"product_cat","embeddable":true,"href":"https:\/\/www.deporteseli.com\/index.php?rest_route=%2Fwp%2Fv2%2Fproduct_cat&post=44802"},{"taxonomy":"product_tag","embeddable":true,"href":"https:\/\/www.deporteseli.com\/index.php?rest_route=%2Fwp%2Fv2%2Fproduct_tag&post=44802"}],"curies":[{"name":"wp","href":"https:\/\/api.w.org\/{rel}","templated":true}]}}