{"id":44790,"date":"2026-01-27T20:35:55","date_gmt":"2026-01-27T20:35:55","guid":{"rendered":"https:\/\/www.deporteseli.com\/?product=short-ellesse-molla-2"},"modified":"2026-03-07T06:16:59","modified_gmt":"2026-03-07T06:16:59","slug":"short-ellesse-molla-2","status":"publish","type":"product","link":"https:\/\/www.deporteseli.com\/?product=short-ellesse-molla-2","title":{"rendered":"SHORT ELLESSE MOLLA"},"content":{"rendered":"<p>Pantal\u00f3n corto Molla con tejido ligero. Confeccionados con un tejido de punto cepillado, estos pantalones cortos son tus h\u00e9roes para el d\u00eda a d\u00eda.                                                                                                                                                                                                                                                                                                                                                                                                                                                                                                                                                                                                                                                                                                                                                                                                                                                                                                                                                                                                                                        <\/p>\n","protected":false},"excerpt":{"rendered":"<p>SHORT ELLESSE MOLLA<\/p>\n","protected":false},"featured_media":57801,"template":"","meta":[],"product_brand":[],"product_cat":[250],"product_tag":[52],"class_list":{"0":"post-44790","1":"product","2":"type-product","3":"status-publish","4":"has-post-thumbnail","6":"product_cat-hombre_textil_bermudas","7":"product_tag-ellesse","8":"pa_color-unico","9":"pa_talla-l","10":"pa_talla-xl","11":"thunk-woo-product-list","12":"opn-qv-enable","13":"open-woo-hover-","14":"open-single-product-tab-horizontal","15":"open-shadow-","16":"open-shadow-hover-","18":"first","19":"instock","20":"shipping-taxable","21":"purchasable","22":"product-type-variable"},"jetpack_sharing_enabled":true,"_links":{"self":[{"href":"https:\/\/www.deporteseli.com\/index.php?rest_route=\/wp\/v2\/product\/44790","targetHints":{"allow":["GET"]}}],"collection":[{"href":"https:\/\/www.deporteseli.com\/index.php?rest_route=\/wp\/v2\/product"}],"about":[{"href":"https:\/\/www.deporteseli.com\/index.php?rest_route=\/wp\/v2\/types\/product"}],"wp:featuredmedia":[{"embeddable":true,"href":"https:\/\/www.deporteseli.com\/index.php?rest_route=\/wp\/v2\/media\/57801"}],"wp:attachment":[{"href":"https:\/\/www.deporteseli.com\/index.php?rest_route=%2Fwp%2Fv2%2Fmedia&parent=44790"}],"wp:term":[{"taxonomy":"product_brand","embeddable":true,"href":"https:\/\/www.deporteseli.com\/index.php?rest_route=%2Fwp%2Fv2%2Fproduct_brand&post=44790"},{"taxonomy":"product_cat","embeddable":true,"href":"https:\/\/www.deporteseli.com\/index.php?rest_route=%2Fwp%2Fv2%2Fproduct_cat&post=44790"},{"taxonomy":"product_tag","embeddable":true,"href":"https:\/\/www.deporteseli.com\/index.php?rest_route=%2Fwp%2Fv2%2Fproduct_tag&post=44790"}],"curies":[{"name":"wp","href":"https:\/\/api.w.org\/{rel}","templated":true}]}}