{"id":44770,"date":"2026-01-27T20:35:28","date_gmt":"2026-01-27T20:35:28","guid":{"rendered":"https:\/\/www.deporteseli.com\/?product=zapatillas-clasicas-reebok"},"modified":"2026-01-27T20:35:35","modified_gmt":"2026-01-27T20:35:35","slug":"zapatillas-clasicas-reebok","status":"publish","type":"product","link":"https:\/\/www.deporteseli.com\/?product=zapatillas-clasicas-reebok","title":{"rendered":"ZAPATILLAS CL\u00e1SICAS REEBOK"},"content":{"rendered":"<p>ZAPATILLAS CL\u00c1SICAS PARA NI\u00d1OS, INSPIRADAS EN EL ESTILO DEL TENIS    El dise\u00f1o cl\u00e1sico de las zapatillas Court Advance est\u00e1 inspirado en el tenis y destaca por sus detalles plateados. El logotipo en la ventana de la marca, la pesta\u00f1a vectorial y la puntera reforzada anclan el look en estilo Reebok.                                                                                                                                                                                                                                                                                                                                                                                                                                                                                                                                                                                                                                                                                                                                                                                                                                                                                                                                                                                                                                        <\/p>\n","protected":false},"excerpt":{"rendered":"<p>ZAPATILLAS CL\u00e1SICAS REEBOK<\/p>\n","protected":false},"featured_media":57784,"template":"","meta":[],"product_brand":[],"product_cat":[287],"product_tag":[41],"class_list":{"0":"post-44770","1":"product","2":"type-product","3":"status-publish","4":"has-post-thumbnail","6":"product_cat-mujer_calzado_casual","7":"product_tag-reebok","8":"pa_color-unico","9":"pa_talla-36-5","10":"pa_talla-143","11":"pa_talla-145","12":"pa_talla-38-5","13":"pa_talla-147","14":"thunk-woo-product-list","15":"opn-qv-enable","16":"open-woo-hover-","17":"open-single-product-tab-horizontal","18":"open-shadow-","19":"open-shadow-hover-","21":"first","22":"instock","23":"sale","24":"shipping-taxable","25":"purchasable","26":"product-type-variable"},"jetpack_sharing_enabled":true,"_links":{"self":[{"href":"https:\/\/www.deporteseli.com\/index.php?rest_route=\/wp\/v2\/product\/44770","targetHints":{"allow":["GET"]}}],"collection":[{"href":"https:\/\/www.deporteseli.com\/index.php?rest_route=\/wp\/v2\/product"}],"about":[{"href":"https:\/\/www.deporteseli.com\/index.php?rest_route=\/wp\/v2\/types\/product"}],"wp:featuredmedia":[{"embeddable":true,"href":"https:\/\/www.deporteseli.com\/index.php?rest_route=\/wp\/v2\/media\/57784"}],"wp:attachment":[{"href":"https:\/\/www.deporteseli.com\/index.php?rest_route=%2Fwp%2Fv2%2Fmedia&parent=44770"}],"wp:term":[{"taxonomy":"product_brand","embeddable":true,"href":"https:\/\/www.deporteseli.com\/index.php?rest_route=%2Fwp%2Fv2%2Fproduct_brand&post=44770"},{"taxonomy":"product_cat","embeddable":true,"href":"https:\/\/www.deporteseli.com\/index.php?rest_route=%2Fwp%2Fv2%2Fproduct_cat&post=44770"},{"taxonomy":"product_tag","embeddable":true,"href":"https:\/\/www.deporteseli.com\/index.php?rest_route=%2Fwp%2Fv2%2Fproduct_tag&post=44770"}],"curies":[{"name":"wp","href":"https:\/\/api.w.org\/{rel}","templated":true}]}}