{"id":44763,"date":"2026-01-27T20:35:18","date_gmt":"2026-01-27T20:35:18","guid":{"rendered":"https:\/\/www.deporteseli.com\/?product=tenis-reebok-100008494-classic-leather"},"modified":"2026-04-07T04:17:52","modified_gmt":"2026-04-07T04:17:52","slug":"tenis-reebok-100008494-classic-leather","status":"publish","type":"product","link":"https:\/\/www.deporteseli.com\/?product=tenis-reebok-100008494-classic-leather","title":{"rendered":"TENIS REEBOK 100008494 CLASSIC LEATHER"},"content":{"rendered":"<p>Apuesta por las ic\u00f3nicas zapatillas Classic Leather de Reebok para hombre. El modelo negro se distingue por su parte superior de cuero de alta calidad, que garantiza comodidad de uso y una excelente durabilidad. El sistema de cordones s\u00f3lido y el cuello acolchado garantizan un ajuste \u00f3ptimo al pie. La parte frontal est\u00e1 provista de perforaciones, responsables de la correcta circulaci\u00f3n del aire. La entresuela de espuma EVA absorbe los impactos. La suela de goma proporciona agarre en cualquier superficie. Los zapatos est\u00e1n decorados con el logotipo de la marca Reebok.                                                                                                                                                                                                                                                                                                                                                                                                                                                                                                                                                                                                                                                                                                                                                                                                                                                                                                                                                                                                                                        <\/p>\n","protected":false},"excerpt":{"rendered":"<p>TENIS REEBOK 100008494 CLASSIC LEATHER<\/p>\n","protected":false},"featured_media":57772,"template":"","meta":[],"product_brand":[],"product_cat":[262],"product_tag":[41],"class_list":{"0":"post-44763","1":"product","2":"type-product","3":"status-publish","4":"has-post-thumbnail","6":"product_cat-hombre_calzado_paseo","7":"product_tag-reebok","8":"pa_color-unico","9":"pa_talla-155","10":"pa_talla-159","11":"thunk-woo-product-list","12":"opn-qv-enable","13":"open-woo-hover-","14":"open-single-product-tab-horizontal","15":"open-shadow-","16":"open-shadow-hover-","18":"first","19":"instock","20":"sale","21":"shipping-taxable","22":"purchasable","23":"product-type-variable"},"jetpack_sharing_enabled":true,"_links":{"self":[{"href":"https:\/\/www.deporteseli.com\/index.php?rest_route=\/wp\/v2\/product\/44763","targetHints":{"allow":["GET"]}}],"collection":[{"href":"https:\/\/www.deporteseli.com\/index.php?rest_route=\/wp\/v2\/product"}],"about":[{"href":"https:\/\/www.deporteseli.com\/index.php?rest_route=\/wp\/v2\/types\/product"}],"wp:featuredmedia":[{"embeddable":true,"href":"https:\/\/www.deporteseli.com\/index.php?rest_route=\/wp\/v2\/media\/57772"}],"wp:attachment":[{"href":"https:\/\/www.deporteseli.com\/index.php?rest_route=%2Fwp%2Fv2%2Fmedia&parent=44763"}],"wp:term":[{"taxonomy":"product_brand","embeddable":true,"href":"https:\/\/www.deporteseli.com\/index.php?rest_route=%2Fwp%2Fv2%2Fproduct_brand&post=44763"},{"taxonomy":"product_cat","embeddable":true,"href":"https:\/\/www.deporteseli.com\/index.php?rest_route=%2Fwp%2Fv2%2Fproduct_cat&post=44763"},{"taxonomy":"product_tag","embeddable":true,"href":"https:\/\/www.deporteseli.com\/index.php?rest_route=%2Fwp%2Fv2%2Fproduct_tag&post=44763"}],"curies":[{"name":"wp","href":"https:\/\/api.w.org\/{rel}","templated":true}]}}