{"id":44761,"date":"2026-01-27T20:35:15","date_gmt":"2026-01-27T20:35:15","guid":{"rendered":"https:\/\/www.deporteseli.com\/?product=camisa-adidas-jm0388"},"modified":"2026-03-07T06:16:49","modified_gmt":"2026-03-07T06:16:49","slug":"camisa-adidas-jm0388","status":"publish","type":"product","link":"https:\/\/www.deporteseli.com\/?product=camisa-adidas-jm0388","title":{"rendered":"CAMISA ADIDAS JM0388"},"content":{"rendered":"<p>Descripci\u00f3n  Descubre la camiseta Adidas Camo Box para hombre en un atractivo color verde oscuro. Esta camiseta de ajuste regular cuenta con manga corta y un c\u00f3modo cuello redondo, ideal para el uso diario y actividades deportivas. Fabricada en un tejido 100% poli\u00e9ster, garantiza comodidad y durabilidad en cada uso.  El logotipo en camuflaje en el centro le da un toque moderno y \u00fanico. Esta prenda es perfecta para quienes buscan estilo y funcionalidad en su vestimenta. Incl\u00fayela en tu armario y disfruta de su dise\u00f1o contempor\u00e1neo y su alta calidad.  No pierdas la oportunidad de lucir bien y sentirte c\u00f3modo con la camiseta Adidas Camo Box, una opci\u00f3n vers\u00e1til para cualquier ocasi\u00f3n.    Caracter\u00edsticas  Camiseta  Ajuste regular  Manga corta  Cuello redondo  Sin Cierre  Tejido 100% poli\u00e9ster  Logotipo camuflaje en el centro                                                                                                                                                                                                                                                                                                                                                                                                                                                                                                                                                                                                                                                                                                                                                                                                                                                                                                                                                                                                                                        <\/p>\n","protected":false},"excerpt":{"rendered":"<p>CAMISA ADIDAS JM0388<\/p>\n","protected":false},"featured_media":57769,"template":"","meta":[],"product_brand":[],"product_cat":[245],"product_tag":[18],"class_list":{"0":"post-44761","1":"product","2":"type-product","3":"status-publish","4":"has-post-thumbnail","6":"product_cat-hombre_textil_camisetas","7":"product_tag-adidas","8":"pa_color-unico","9":"pa_talla-l","10":"thunk-woo-product-list","11":"opn-qv-enable","12":"open-woo-hover-","13":"open-single-product-tab-horizontal","14":"open-shadow-","15":"open-shadow-hover-","17":"first","18":"instock","19":"shipping-taxable","20":"purchasable","21":"product-type-variable"},"jetpack_sharing_enabled":true,"_links":{"self":[{"href":"https:\/\/www.deporteseli.com\/index.php?rest_route=\/wp\/v2\/product\/44761","targetHints":{"allow":["GET"]}}],"collection":[{"href":"https:\/\/www.deporteseli.com\/index.php?rest_route=\/wp\/v2\/product"}],"about":[{"href":"https:\/\/www.deporteseli.com\/index.php?rest_route=\/wp\/v2\/types\/product"}],"wp:featuredmedia":[{"embeddable":true,"href":"https:\/\/www.deporteseli.com\/index.php?rest_route=\/wp\/v2\/media\/57769"}],"wp:attachment":[{"href":"https:\/\/www.deporteseli.com\/index.php?rest_route=%2Fwp%2Fv2%2Fmedia&parent=44761"}],"wp:term":[{"taxonomy":"product_brand","embeddable":true,"href":"https:\/\/www.deporteseli.com\/index.php?rest_route=%2Fwp%2Fv2%2Fproduct_brand&post=44761"},{"taxonomy":"product_cat","embeddable":true,"href":"https:\/\/www.deporteseli.com\/index.php?rest_route=%2Fwp%2Fv2%2Fproduct_cat&post=44761"},{"taxonomy":"product_tag","embeddable":true,"href":"https:\/\/www.deporteseli.com\/index.php?rest_route=%2Fwp%2Fv2%2Fproduct_tag&post=44761"}],"curies":[{"name":"wp","href":"https:\/\/api.w.org\/{rel}","templated":true}]}}