{"id":44757,"date":"2026-01-27T20:35:10","date_gmt":"2026-01-27T20:35:10","guid":{"rendered":"https:\/\/www.deporteseli.com\/?product=mallas-piratas-capri-techfit"},"modified":"2026-03-19T05:20:41","modified_gmt":"2026-03-19T05:20:41","slug":"mallas-piratas-capri-techfit","status":"publish","type":"product","link":"https:\/\/www.deporteseli.com\/?product=mallas-piratas-capri-techfit","title":{"rendered":"MALLAS PIRATAS CAPRI TECHFIT"},"content":{"rendered":"<p>LEGGINGS CAPRI DE COMPRESI\u00d3N CONFECCIONADOS EN PARTE CON MATERIALES RECICLADOS.  Estas mallas de compresi\u00f3n adidas, dise\u00f1adas tanto para los entrenamientos matutinos como para los intensos intervalos, sujetan los m\u00fasculos y aumentan la potencia. La tecnolog\u00eda AEROREADY te mantiene seco y c\u00f3modo desde el calentamiento hasta el enfriamiento. Para un rendimiento \u00f3ptimo y ganancias de resistencia, \u00fasalas solas o como capa base. Tus repeticiones m\u00e1s dif\u00edciles ahora son un poco m\u00e1s alcanzables. Este producto est\u00e1 fabricado con al menos un 70 % de materiales reciclados. Al reutilizar materiales que ya se han creado, ayudamos a reducir los desechos y nuestra dependencia de recursos finitos y reducimos la huella de los productos que fabricamos.  Ajuste ce\u00f1ido con tiro alto.  Cintura el\u00e1stica  73% poli\u00e9ster (reciclado), 27% elastano  Sensaci\u00f3n elegante y compresiva.  AEROLISTO  TECHFIT concentra la energ\u00eda de tus m\u00fasculos  Compresi\u00f3n baja a media  Tejido transpirable, ligero y resistente a sentadillas.  Tejido que absorbe la humedad  Color: Negro  C\u00f3digo de producto: IX8196                                                                                                                                                                                                                                                                                                                                                                                                                                                                                                                                                                                                                                                                                                                                                                                                                                                                                                                                                                                                                                        <\/p>\n","protected":false},"excerpt":{"rendered":"<p>MALLAS PIRATAS CAPRI TECHFIT<\/p>\n","protected":false},"featured_media":57764,"template":"","meta":[],"product_brand":[],"product_cat":[281],"product_tag":[18],"class_list":{"0":"post-44757","1":"product","2":"type-product","3":"status-publish","4":"has-post-thumbnail","6":"product_cat-mujer_textil_mallas","7":"product_tag-adidas","8":"pa_color-unico","9":"pa_talla-l","10":"pa_talla-m","11":"pa_talla-s","12":"pa_talla-xl","13":"thunk-woo-product-list","14":"opn-qv-enable","15":"open-woo-hover-","16":"open-single-product-tab-horizontal","17":"open-shadow-","18":"open-shadow-hover-","20":"first","21":"instock","22":"shipping-taxable","23":"purchasable","24":"product-type-variable"},"jetpack_sharing_enabled":true,"_links":{"self":[{"href":"https:\/\/www.deporteseli.com\/index.php?rest_route=\/wp\/v2\/product\/44757","targetHints":{"allow":["GET"]}}],"collection":[{"href":"https:\/\/www.deporteseli.com\/index.php?rest_route=\/wp\/v2\/product"}],"about":[{"href":"https:\/\/www.deporteseli.com\/index.php?rest_route=\/wp\/v2\/types\/product"}],"wp:featuredmedia":[{"embeddable":true,"href":"https:\/\/www.deporteseli.com\/index.php?rest_route=\/wp\/v2\/media\/57764"}],"wp:attachment":[{"href":"https:\/\/www.deporteseli.com\/index.php?rest_route=%2Fwp%2Fv2%2Fmedia&parent=44757"}],"wp:term":[{"taxonomy":"product_brand","embeddable":true,"href":"https:\/\/www.deporteseli.com\/index.php?rest_route=%2Fwp%2Fv2%2Fproduct_brand&post=44757"},{"taxonomy":"product_cat","embeddable":true,"href":"https:\/\/www.deporteseli.com\/index.php?rest_route=%2Fwp%2Fv2%2Fproduct_cat&post=44757"},{"taxonomy":"product_tag","embeddable":true,"href":"https:\/\/www.deporteseli.com\/index.php?rest_route=%2Fwp%2Fv2%2Fproduct_tag&post=44757"}],"curies":[{"name":"wp","href":"https:\/\/api.w.org\/{rel}","templated":true}]}}