{"id":44752,"date":"2026-01-27T20:35:04","date_gmt":"2026-01-27T20:35:04","guid":{"rendered":"https:\/\/www.deporteseli.com\/?product=pantalones-cortos-sereno-para-ninos"},"modified":"2026-03-07T06:16:44","modified_gmt":"2026-03-07T06:16:44","slug":"pantalones-cortos-sereno-para-ninos","status":"publish","type":"product","link":"https:\/\/www.deporteseli.com\/?product=pantalones-cortos-sereno-para-ninos","title":{"rendered":"PANTALONES CORTOS SERENO PARA NI\u00f1OS"},"content":{"rendered":"<p>SHORTS LIGEROS CONFECCIONADOS CON MATERIALES RECICLADOS.  No te pierdas ni un momento del d\u00eda. Estos shorts adidas para j\u00f3venes son livianos y c\u00f3modos, y se ajustan en la cintura para un ajuste seguro. As\u00ed que puedes pon\u00e9rtelos y salir a la calle. AEROREADY absorbe la humedad para mantenerte seco mientras la acci\u00f3n se intensifica. Ya sea que te re\u00fanas con amigos en el parque de patinaje o juegues en casa, estos shorts te permiten moverte con la misma libertad que t\u00fa. Este producto est\u00e1 hecho con materiales 100 % reciclados. Al reutilizar materiales que ya se han creado, ayudamos a reducir los desechos y nuestra dependencia de recursos finitos, y reducimos la huella de los productos que fabricamos.  Ajuste regular  Cintura el\u00e1stica con cord\u00f3n.  100% poli\u00e9ster (reciclado)  Tejido que absorbe la humedad  AEROLISTO  Logotipo de 3 barras  Color: Mejor escarlata \/ blanco  C\u00f3digo de producto: IN0652                                                                                                                                                                                                                                                                                                                                                                                                                                                                                                                                                                                                                                                                                                                                                                                                                                                                                                                                                                                                                                        <\/p>\n","protected":false},"excerpt":{"rendered":"<p>PANTALONES CORTOS SERENO PARA NI\u00f1OS<\/p>\n","protected":false},"featured_media":57761,"template":"","meta":[],"product_brand":[],"product_cat":[300],"product_tag":[18],"class_list":{"0":"post-44752","1":"product","2":"type-product","3":"status-publish","4":"has-post-thumbnail","6":"product_cat-nino_textil_shorts","7":"product_tag-adidas","8":"pa_color-unico","9":"pa_talla-t-10","10":"pa_talla-t-12","11":"pa_talla-t-14","12":"pa_talla-t-16","13":"thunk-woo-product-list","14":"opn-qv-enable","15":"open-woo-hover-","16":"open-single-product-tab-horizontal","17":"open-shadow-","18":"open-shadow-hover-","20":"first","21":"instock","22":"shipping-taxable","23":"purchasable","24":"product-type-variable"},"jetpack_sharing_enabled":true,"_links":{"self":[{"href":"https:\/\/www.deporteseli.com\/index.php?rest_route=\/wp\/v2\/product\/44752","targetHints":{"allow":["GET"]}}],"collection":[{"href":"https:\/\/www.deporteseli.com\/index.php?rest_route=\/wp\/v2\/product"}],"about":[{"href":"https:\/\/www.deporteseli.com\/index.php?rest_route=\/wp\/v2\/types\/product"}],"wp:featuredmedia":[{"embeddable":true,"href":"https:\/\/www.deporteseli.com\/index.php?rest_route=\/wp\/v2\/media\/57761"}],"wp:attachment":[{"href":"https:\/\/www.deporteseli.com\/index.php?rest_route=%2Fwp%2Fv2%2Fmedia&parent=44752"}],"wp:term":[{"taxonomy":"product_brand","embeddable":true,"href":"https:\/\/www.deporteseli.com\/index.php?rest_route=%2Fwp%2Fv2%2Fproduct_brand&post=44752"},{"taxonomy":"product_cat","embeddable":true,"href":"https:\/\/www.deporteseli.com\/index.php?rest_route=%2Fwp%2Fv2%2Fproduct_cat&post=44752"},{"taxonomy":"product_tag","embeddable":true,"href":"https:\/\/www.deporteseli.com\/index.php?rest_route=%2Fwp%2Fv2%2Fproduct_tag&post=44752"}],"curies":[{"name":"wp","href":"https:\/\/api.w.org\/{rel}","templated":true}]}}