{"id":44747,"date":"2026-01-27T20:34:58","date_gmt":"2026-01-27T20:34:58","guid":{"rendered":"https:\/\/www.deporteseli.com\/?product=banador-boxer-colorblock-1-inch"},"modified":"2026-04-18T04:18:43","modified_gmt":"2026-04-18T04:18:43","slug":"banador-boxer-colorblock-1-inch","status":"publish","type":"product","link":"https:\/\/www.deporteseli.com\/?product=banador-boxer-colorblock-1-inch","title":{"rendered":"BA\u00f1ADOR B\u00f3XER COLORBLOCK 1-INCH"},"content":{"rendered":"<p>ESTILO Y RENDIMIENTO EN EL AGUA  Entrena o simplemente p\u00e1salo en grande con este ba\u00f1ador tipo b\u00f3xer de adidas para j\u00f3venes nadadores. Presenta un tejido suave, el\u00e1stico y resistente al cloro que te ofrece una total comodidad dentro y fuera del agua. Los bloques de color refuerzan su est\u00e9tica deportiva y elegante.    Este producto contiene al menos un 70% de materiales reciclados. Utilizando materiales reciclados, reducimos los residuos, nuestra dependencia de los recursos finitos y la huella que generan los productos que fabricamos.                                                                                                                                                                                                                                                                                                                                                                                                                                                                                                                                                                                                                                                                                                                                                                                                                                                                                                                                                                                                                                        <\/p>\n","protected":false},"excerpt":{"rendered":"<p>BA\u00f1ADOR B\u00f3XER COLORBLOCK 1-INCH<\/p>\n","protected":false},"featured_media":57757,"template":"","meta":[],"product_brand":[],"product_cat":[306],"product_tag":[18],"class_list":{"0":"post-44747","1":"product","2":"type-product","3":"status-publish","4":"has-post-thumbnail","6":"product_cat-nino_textil_banadores","7":"product_tag-adidas","8":"pa_color-unico","9":"pa_talla-t-12","10":"pa_talla-t-14","11":"pa_talla-t-16","12":"pa_talla-t-8","13":"thunk-woo-product-list","14":"opn-qv-enable","15":"open-woo-hover-","16":"open-single-product-tab-horizontal","17":"open-shadow-","18":"open-shadow-hover-","20":"first","21":"instock","22":"shipping-taxable","23":"purchasable","24":"product-type-variable"},"jetpack_sharing_enabled":true,"_links":{"self":[{"href":"https:\/\/www.deporteseli.com\/index.php?rest_route=\/wp\/v2\/product\/44747","targetHints":{"allow":["GET"]}}],"collection":[{"href":"https:\/\/www.deporteseli.com\/index.php?rest_route=\/wp\/v2\/product"}],"about":[{"href":"https:\/\/www.deporteseli.com\/index.php?rest_route=\/wp\/v2\/types\/product"}],"wp:featuredmedia":[{"embeddable":true,"href":"https:\/\/www.deporteseli.com\/index.php?rest_route=\/wp\/v2\/media\/57757"}],"wp:attachment":[{"href":"https:\/\/www.deporteseli.com\/index.php?rest_route=%2Fwp%2Fv2%2Fmedia&parent=44747"}],"wp:term":[{"taxonomy":"product_brand","embeddable":true,"href":"https:\/\/www.deporteseli.com\/index.php?rest_route=%2Fwp%2Fv2%2Fproduct_brand&post=44747"},{"taxonomy":"product_cat","embeddable":true,"href":"https:\/\/www.deporteseli.com\/index.php?rest_route=%2Fwp%2Fv2%2Fproduct_cat&post=44747"},{"taxonomy":"product_tag","embeddable":true,"href":"https:\/\/www.deporteseli.com\/index.php?rest_route=%2Fwp%2Fv2%2Fproduct_tag&post=44747"}],"curies":[{"name":"wp","href":"https:\/\/api.w.org\/{rel}","templated":true}]}}