{"id":44743,"date":"2026-01-27T20:34:53","date_gmt":"2026-01-27T20:34:53","guid":{"rendered":"https:\/\/www.deporteseli.com\/?product=malla-adidas-ix4989"},"modified":"2026-03-07T06:16:39","modified_gmt":"2026-03-07T06:16:39","slug":"malla-adidas-ix4989","status":"publish","type":"product","link":"https:\/\/www.deporteseli.com\/?product=malla-adidas-ix4989","title":{"rendered":"MALLA ADIDAS IX4989"},"content":{"rendered":"<p>Elegantes y deportivas, las mallas largas adidas Stash llevar\u00e1n tu entrenamiento al siguiente nivel. Son de compresi\u00f3n, tienen una cintura alta y el\u00e1stica con logos de adidas y leyendas TECHFIT, un bolsillo para el tel\u00e9fono, paneles de malla transpirables en las pantorrillas, costuras planas, tecnolog\u00eda AEROREADY que absorbe la humedad y un logo adidas en el muslo izquierdo.    Composici\u00f3n: 73 % poli\u00e9ster reciclado, 27 % elastano  Bolsillo lateral para el tel\u00e9fono  Compresi\u00f3n TECHFIT  Tecnolog\u00eda AEROREADY que absorbe la humedad  Color:  Legend Ink (Azul Marino)                                                                                                                                                                                                                                                                                                                                                                                                                                                                                                                                                                                                                                                                                                                                                                                                                                                                                                                                                                                                                                        <\/p>\n","protected":false},"excerpt":{"rendered":"<p>MALLA ADIDAS IX4989<\/p>\n","protected":false},"featured_media":57752,"template":"","meta":[],"product_brand":[],"product_cat":[281],"product_tag":[18],"class_list":{"0":"post-44743","1":"product","2":"type-product","3":"status-publish","4":"has-post-thumbnail","6":"product_cat-mujer_textil_mallas","7":"product_tag-adidas","8":"pa_color-unico","9":"pa_talla-l","10":"pa_talla-m","11":"pa_talla-s","12":"thunk-woo-product-list","13":"opn-qv-enable","14":"open-woo-hover-","15":"open-single-product-tab-horizontal","16":"open-shadow-","17":"open-shadow-hover-","19":"first","20":"instock","21":"shipping-taxable","22":"purchasable","23":"product-type-variable"},"jetpack_sharing_enabled":true,"_links":{"self":[{"href":"https:\/\/www.deporteseli.com\/index.php?rest_route=\/wp\/v2\/product\/44743","targetHints":{"allow":["GET"]}}],"collection":[{"href":"https:\/\/www.deporteseli.com\/index.php?rest_route=\/wp\/v2\/product"}],"about":[{"href":"https:\/\/www.deporteseli.com\/index.php?rest_route=\/wp\/v2\/types\/product"}],"wp:featuredmedia":[{"embeddable":true,"href":"https:\/\/www.deporteseli.com\/index.php?rest_route=\/wp\/v2\/media\/57752"}],"wp:attachment":[{"href":"https:\/\/www.deporteseli.com\/index.php?rest_route=%2Fwp%2Fv2%2Fmedia&parent=44743"}],"wp:term":[{"taxonomy":"product_brand","embeddable":true,"href":"https:\/\/www.deporteseli.com\/index.php?rest_route=%2Fwp%2Fv2%2Fproduct_brand&post=44743"},{"taxonomy":"product_cat","embeddable":true,"href":"https:\/\/www.deporteseli.com\/index.php?rest_route=%2Fwp%2Fv2%2Fproduct_cat&post=44743"},{"taxonomy":"product_tag","embeddable":true,"href":"https:\/\/www.deporteseli.com\/index.php?rest_route=%2Fwp%2Fv2%2Fproduct_tag&post=44743"}],"curies":[{"name":"wp","href":"https:\/\/api.w.org\/{rel}","templated":true}]}}