{"id":44738,"date":"2026-01-27T20:34:47","date_gmt":"2026-01-27T20:34:47","guid":{"rendered":"https:\/\/www.deporteseli.com\/?product=pantalones-cortos-adidas-aeroready-negro-rojo"},"modified":"2026-03-07T06:16:35","modified_gmt":"2026-03-07T06:16:35","slug":"pantalones-cortos-adidas-aeroready-negro-rojo","status":"publish","type":"product","link":"https:\/\/www.deporteseli.com\/?product=pantalones-cortos-adidas-aeroready-negro-rojo","title":{"rendered":"PANTALONES CORTOS ADIDAS AEROREADY NEGRO ROJO"},"content":{"rendered":"<p>Descripci\u00f3n  No desperdicies ni un minuto de tu d\u00eda. Estos pantalones cortos adidas para ni\u00f1os son livianos y c\u00f3modos y tienen una cintura ajustable para un ajuste seguro. P\u00f3ntelo y ya est\u00e1. La tecnolog\u00eda AEROREADY absorbe la humedad a medida que aumenta la intensidad. Estos pantalones cortos siguen todos tus movimientos en el skate park o en los partidos en casa.  Este producto est\u00e1 elaborado con materiales 100% reciclados. Utilizamos materiales reciclados y reducimos los residuos, nuestra dependencia de recursos no renovables y la huella de nuestros productos.  Caracter\u00edsticas  AEROREADY: MANTENTE SECO Utilizando materiales que absorben el sudor, los productos adidas aeroready te mantienen seco. (No aplica para CALCETINES ni bolsos).  AEROREADY: SI\u00c9NTETE C\u00d3MODO Dise\u00f1ado para controlar el sudor de tu cuerpo, Adidas aeroready te permite sentirte c\u00f3modo por m\u00e1s tiempo.  REGULAR: Dise\u00f1ado para un ajuste est\u00e1ndar, ni demasiado apretado ni demasiado suelto.  Absorci\u00f3n del sudor: la tela absorbente y que absorbe la humedad controla el sudor, manteni\u00e9ndote seco y c\u00f3modo.  Secado r\u00e1pido: Material de secado r\u00e1pido para que te sientas seco y c\u00f3modo.  CINTURA TOTALMENTE EL\u00c1STICA: Cintura el\u00e1stica con cordones interiores.  100% poli\u00e9ster reciclado                                                                                                                                                                                                                                                                                                                                                                                                                                                                                                                                                                                                                                                                                                                                                                                                                                                                                                                                                                                                                                        <\/p>\n","protected":false},"excerpt":{"rendered":"<p>PANTALONES CORTOS ADIDAS AEROREADY NEGRO ROJO<\/p>\n","protected":false},"featured_media":57748,"template":"","meta":[],"product_brand":[],"product_cat":[300],"product_tag":[18],"class_list":{"0":"post-44738","1":"product","2":"type-product","3":"status-publish","4":"has-post-thumbnail","6":"product_cat-nino_textil_shorts","7":"product_tag-adidas","8":"pa_color-unico","9":"pa_talla-t-12","10":"pa_talla-t-14","11":"pa_talla-t-16","12":"pa_talla-t-8","13":"thunk-woo-product-list","14":"opn-qv-enable","15":"open-woo-hover-","16":"open-single-product-tab-horizontal","17":"open-shadow-","18":"open-shadow-hover-","20":"first","21":"instock","22":"shipping-taxable","23":"purchasable","24":"product-type-variable"},"jetpack_sharing_enabled":true,"_links":{"self":[{"href":"https:\/\/www.deporteseli.com\/index.php?rest_route=\/wp\/v2\/product\/44738","targetHints":{"allow":["GET"]}}],"collection":[{"href":"https:\/\/www.deporteseli.com\/index.php?rest_route=\/wp\/v2\/product"}],"about":[{"href":"https:\/\/www.deporteseli.com\/index.php?rest_route=\/wp\/v2\/types\/product"}],"wp:featuredmedia":[{"embeddable":true,"href":"https:\/\/www.deporteseli.com\/index.php?rest_route=\/wp\/v2\/media\/57748"}],"wp:attachment":[{"href":"https:\/\/www.deporteseli.com\/index.php?rest_route=%2Fwp%2Fv2%2Fmedia&parent=44738"}],"wp:term":[{"taxonomy":"product_brand","embeddable":true,"href":"https:\/\/www.deporteseli.com\/index.php?rest_route=%2Fwp%2Fv2%2Fproduct_brand&post=44738"},{"taxonomy":"product_cat","embeddable":true,"href":"https:\/\/www.deporteseli.com\/index.php?rest_route=%2Fwp%2Fv2%2Fproduct_cat&post=44738"},{"taxonomy":"product_tag","embeddable":true,"href":"https:\/\/www.deporteseli.com\/index.php?rest_route=%2Fwp%2Fv2%2Fproduct_tag&post=44738"}],"curies":[{"name":"wp","href":"https:\/\/api.w.org\/{rel}","templated":true}]}}