{"id":44732,"date":"2026-01-27T20:34:39","date_gmt":"2026-01-27T20:34:39","guid":{"rendered":"https:\/\/www.deporteseli.com\/?product=zapatilla-breaknet-sleek"},"modified":"2026-01-27T20:34:46","modified_gmt":"2026-01-27T20:34:46","slug":"zapatilla-breaknet-sleek","status":"publish","type":"product","link":"https:\/\/www.deporteseli.com\/?product=zapatilla-breaknet-sleek","title":{"rendered":"ZAPATILLA BREAKNET SLEEK"},"content":{"rendered":"<p>UN ESTILO IMPARABLE  Una silueta cl\u00e1sica renovada. Esta zapatilla adidas luce un dise\u00f1o elegante pensado para acompa\u00f1arte de la ma\u00f1ana a la noche. Los detalles perforados favorecen la ventilaci\u00f3n y mantienen tus pies frescos. El empeine suave y la suela de goma se combinan para ofrecerte la sujeci\u00f3n y el agarre que necesitas en tus desplazamientos diarios. Las emblem\u00e1ticas 3 bandas en los laterales rematan el look.  Horma cl\u00e1sica  Cierre de cordones  Empeine de piel y material sint\u00e9tico  Forro textil  Empeine perforado  Suela de goma  Color del art\u00edculo: Core Black \/ Cloud White \/ Core Black  N\u00famero de art\u00edculo: IH5466                                                                                                                                                                                                                                                                                                                                                                                                                                                                                                                                                                                                                                                                                                                                                                                                                                                                                                                                                                                                                                        <\/p>\n","protected":false},"excerpt":{"rendered":"<p>ZAPATILLA BREAKNET SLEEK<\/p>\n","protected":false},"featured_media":57743,"template":"","meta":[],"product_brand":[],"product_cat":[287],"product_tag":[18],"class_list":{"0":"post-44732","1":"product","2":"type-product","3":"status-publish","4":"has-post-thumbnail","6":"product_cat-mujer_calzado_casual","7":"product_tag-adidas","8":"pa_color-unico","9":"pa_talla-36-5","10":"pa_talla-37-5","11":"pa_talla-145","12":"pa_talla-38-5","13":"pa_talla-39-5","14":"thunk-woo-product-list","15":"opn-qv-enable","16":"open-woo-hover-","17":"open-single-product-tab-horizontal","18":"open-shadow-","19":"open-shadow-hover-","21":"first","22":"instock","23":"sale","24":"shipping-taxable","25":"purchasable","26":"product-type-variable"},"jetpack_sharing_enabled":true,"_links":{"self":[{"href":"https:\/\/www.deporteseli.com\/index.php?rest_route=\/wp\/v2\/product\/44732","targetHints":{"allow":["GET"]}}],"collection":[{"href":"https:\/\/www.deporteseli.com\/index.php?rest_route=\/wp\/v2\/product"}],"about":[{"href":"https:\/\/www.deporteseli.com\/index.php?rest_route=\/wp\/v2\/types\/product"}],"wp:featuredmedia":[{"embeddable":true,"href":"https:\/\/www.deporteseli.com\/index.php?rest_route=\/wp\/v2\/media\/57743"}],"wp:attachment":[{"href":"https:\/\/www.deporteseli.com\/index.php?rest_route=%2Fwp%2Fv2%2Fmedia&parent=44732"}],"wp:term":[{"taxonomy":"product_brand","embeddable":true,"href":"https:\/\/www.deporteseli.com\/index.php?rest_route=%2Fwp%2Fv2%2Fproduct_brand&post=44732"},{"taxonomy":"product_cat","embeddable":true,"href":"https:\/\/www.deporteseli.com\/index.php?rest_route=%2Fwp%2Fv2%2Fproduct_cat&post=44732"},{"taxonomy":"product_tag","embeddable":true,"href":"https:\/\/www.deporteseli.com\/index.php?rest_route=%2Fwp%2Fv2%2Fproduct_tag&post=44732"}],"curies":[{"name":"wp","href":"https:\/\/api.w.org\/{rel}","templated":true}]}}