{"id":44728,"date":"2026-01-27T20:34:34","date_gmt":"2026-01-27T20:34:34","guid":{"rendered":"https:\/\/www.deporteseli.com\/?product=tenis-hoops-4-0-2"},"modified":"2026-01-27T20:34:38","modified_gmt":"2026-01-27T20:34:38","slug":"tenis-hoops-4-0-2","status":"publish","type":"product","link":"https:\/\/www.deporteseli.com\/?product=tenis-hoops-4-0-2","title":{"rendered":"TENIS HOOPS 4.0"},"content":{"rendered":"<p>TENIS HOOPS 4.0  TENIS INSPIRADOS EN EL B\u00c1SQUET CON TIRAS AJUSTABLES DE CIERRE POR CONTACTO  Inspirados en modelos cl\u00e1sicos de b\u00e1squet, estos tenis adidas lucen un dise\u00f1o vers\u00e1til que encaja a la perfecci\u00f3n en tu rutina diaria. La silueta de corte bajo y el exterior de cuero sint\u00e9tico los hacen muy f\u00e1ciles de combinar. Las tiras ajustables de cierre por contacto hacen que sean f\u00e1ciles de poner y quitar. La suela tipo cupsole de caucho se inspira en los modelos cl\u00e1sicos de b\u00e1squet.  Ajuste cl\u00e1sico  Tira ajustable de cierre por contacto  Exterior de cuero sint\u00e9tico  Panel alrededor del tobillo y forro de malla  Mediasuela con amortiguaci\u00f3n  Suela tipo cupsole de caucho  C\u00f3digo del producto : JI3483                                                                                                                                                                                                                                                                                                                                                                                                                                                                                                                                                                                                                                                                                                                                                                                                                                                                                                                                                                                                                                        <\/p>\n","protected":false},"excerpt":{"rendered":"<p>TENIS HOOPS 4.0<\/p>\n","protected":false},"featured_media":57738,"template":"","meta":[],"product_brand":[],"product_cat":[310],"product_tag":[18],"class_list":{"0":"post-44728","1":"product","2":"type-product","3":"status-publish","4":"has-post-thumbnail","6":"product_cat-nino_calzado_casual","7":"product_tag-adidas","8":"pa_color-unico","9":"pa_talla-127","10":"pa_talla-129","11":"pa_talla-133","12":"thunk-woo-product-list","13":"opn-qv-enable","14":"open-woo-hover-","15":"open-single-product-tab-horizontal","16":"open-shadow-","17":"open-shadow-hover-","19":"first","20":"instock","21":"sale","22":"shipping-taxable","23":"purchasable","24":"product-type-variable"},"jetpack_sharing_enabled":true,"_links":{"self":[{"href":"https:\/\/www.deporteseli.com\/index.php?rest_route=\/wp\/v2\/product\/44728","targetHints":{"allow":["GET"]}}],"collection":[{"href":"https:\/\/www.deporteseli.com\/index.php?rest_route=\/wp\/v2\/product"}],"about":[{"href":"https:\/\/www.deporteseli.com\/index.php?rest_route=\/wp\/v2\/types\/product"}],"wp:featuredmedia":[{"embeddable":true,"href":"https:\/\/www.deporteseli.com\/index.php?rest_route=\/wp\/v2\/media\/57738"}],"wp:attachment":[{"href":"https:\/\/www.deporteseli.com\/index.php?rest_route=%2Fwp%2Fv2%2Fmedia&parent=44728"}],"wp:term":[{"taxonomy":"product_brand","embeddable":true,"href":"https:\/\/www.deporteseli.com\/index.php?rest_route=%2Fwp%2Fv2%2Fproduct_brand&post=44728"},{"taxonomy":"product_cat","embeddable":true,"href":"https:\/\/www.deporteseli.com\/index.php?rest_route=%2Fwp%2Fv2%2Fproduct_cat&post=44728"},{"taxonomy":"product_tag","embeddable":true,"href":"https:\/\/www.deporteseli.com\/index.php?rest_route=%2Fwp%2Fv2%2Fproduct_tag&post=44728"}],"curies":[{"name":"wp","href":"https:\/\/api.w.org\/{rel}","templated":true}]}}