{"id":44710,"date":"2026-01-27T20:34:11","date_gmt":"2026-01-27T20:34:11","guid":{"rendered":"https:\/\/www.deporteseli.com\/?product=zapatillas-tensaur-sport-training-2"},"modified":"2026-04-19T04:17:32","modified_gmt":"2026-04-19T04:17:32","slug":"zapatillas-tensaur-sport-training-2","status":"publish","type":"product","link":"https:\/\/www.deporteseli.com\/?product=zapatillas-tensaur-sport-training-2","title":{"rendered":"ZAPATILLAS TENSAUR SPORT TRAINING"},"content":{"rendered":"<p>ZAPATILLAS C\u00d3MODAS HECHAS PARCIALMENTE CON MATERIALES RECICLADOS  Los ni\u00f1os que est\u00e1n aprendiendo nuevas habilidades necesitan un calzado que se mueva con ellos. Estas zapatillas adidas cl\u00e1sicas tienen una suela de caucho que se siente suave al correr pero que no marca los pisos de madera. As\u00ed que son perfectas para el estudio y para las pr\u00e1cticas deportivas.    Hecho con una serie de materiales reciclados, el exterior incorpora al menos un 50 % de contenido reciclado. Este producto representa solo una de nuestras soluciones para acabar con los residuos pl\u00e1sticos.  Ajuste cl\u00e1sico  Sistema de atado de cordones  Exterior de cuero sint\u00e9tico  Forro interno textil  Suela de caucho que no deja marcas  El exterior contiene al menos un 50 % de material reciclado  Color del art\u00edculo: Shadow Navy \/ Cloud White \/ Flash Pink  N\u00famero de art\u00edculo: JH9547                                                                                                                                                                                                                                                                                                                                                                                                                                                                                                                                                                                                                                                                                                                                                                                                                                                                                                                                                                                                                                        <\/p>\n","protected":false},"excerpt":{"rendered":"<p>ZAPATILLAS TENSAUR SPORT TRAINING<\/p>\n","protected":false},"featured_media":57725,"template":"","meta":[],"product_brand":[],"product_cat":[392],"product_tag":[18],"class_list":{"0":"post-44710","1":"product","2":"type-product","3":"status-publish","4":"has-post-thumbnail","6":"product_cat-ninas_calzado_casual","7":"product_tag-adidas","8":"pa_color-unico","9":"pa_talla-38-5","10":"pa_talla-149","11":"thunk-woo-product-list","12":"opn-qv-enable","13":"open-woo-hover-","14":"open-single-product-tab-horizontal","15":"open-shadow-","16":"open-shadow-hover-","18":"first","19":"instock","20":"sale","21":"shipping-taxable","22":"purchasable","23":"product-type-variable"},"jetpack_sharing_enabled":true,"_links":{"self":[{"href":"https:\/\/www.deporteseli.com\/index.php?rest_route=\/wp\/v2\/product\/44710","targetHints":{"allow":["GET"]}}],"collection":[{"href":"https:\/\/www.deporteseli.com\/index.php?rest_route=\/wp\/v2\/product"}],"about":[{"href":"https:\/\/www.deporteseli.com\/index.php?rest_route=\/wp\/v2\/types\/product"}],"wp:featuredmedia":[{"embeddable":true,"href":"https:\/\/www.deporteseli.com\/index.php?rest_route=\/wp\/v2\/media\/57725"}],"wp:attachment":[{"href":"https:\/\/www.deporteseli.com\/index.php?rest_route=%2Fwp%2Fv2%2Fmedia&parent=44710"}],"wp:term":[{"taxonomy":"product_brand","embeddable":true,"href":"https:\/\/www.deporteseli.com\/index.php?rest_route=%2Fwp%2Fv2%2Fproduct_brand&post=44710"},{"taxonomy":"product_cat","embeddable":true,"href":"https:\/\/www.deporteseli.com\/index.php?rest_route=%2Fwp%2Fv2%2Fproduct_cat&post=44710"},{"taxonomy":"product_tag","embeddable":true,"href":"https:\/\/www.deporteseli.com\/index.php?rest_route=%2Fwp%2Fv2%2Fproduct_tag&post=44710"}],"curies":[{"name":"wp","href":"https:\/\/api.w.org\/{rel}","templated":true}]}}