{"id":44702,"date":"2026-01-27T20:34:00","date_gmt":"2026-01-27T20:34:00","guid":{"rendered":"https:\/\/www.deporteseli.com\/?product=tenis-adidas-ih8622"},"modified":"2026-01-27T20:34:02","modified_gmt":"2026-01-27T20:34:02","slug":"tenis-adidas-ih8622","status":"publish","type":"product","link":"https:\/\/www.deporteseli.com\/?product=tenis-adidas-ih8622","title":{"rendered":"TENIS ADIDAS IH8622"},"content":{"rendered":"<p>Descripci\u00f3n  Las zapatillas Adidas Run 84 para mujer son la opci\u00f3n perfecta para quienes buscan comodidad y estilo. Su parte superior est\u00e1 confeccionada en materiales textiles y sint\u00e9ticos que garantizan una gran durabilidad. Su dise\u00f1o ultraligero y flexible permite un movimiento natural en cada paso.    El cierre de cordones asegura un ajuste personalizado, mientras que la suela de goma proporciona un agarre excelente en diversas superficies. El ic\u00f3nico logo de Adidas en el lateral resalta el dise\u00f1o moderno de este calzado. Disponibles en un elegante color blanco, estas zapatillas son ideales tanto para correr como para el uso diario.    Incorpora estas zapatillas en tu guardarropa y disfruta de una combinaci\u00f3n \u00fanica de confort y moda. Perfectas para cualquier actividad, hacen que cada entrenamiento o paseo sea m\u00e1s placentero. Si buscas calidad y dise\u00f1o, las zapatillas Adidas Run 84 son tu mejor elecci\u00f3n.    Caracter\u00edsticas  Parte superior textil\/sint\u00e9tica  Interior textil  Ultraligera, flexible  Cierre de cordones  Suela de goma  Logo de la marca  Color del producto: Blanco                                                                                                                                                                                                                                                                                                                                                                                                                                                                                                                                                                                                                                                                                                                                                                                                                                                                                                                                                                                                                                        <\/p>\n","protected":false},"excerpt":{"rendered":"<p>TENIS ADIDAS IH8622<\/p>\n","protected":false},"featured_media":57716,"template":"","meta":[],"product_brand":[],"product_cat":[288],"product_tag":[18],"class_list":{"0":"post-44702","1":"product","2":"type-product","3":"status-publish","4":"has-post-thumbnail","6":"product_cat-mujer_calzado_paseo","7":"product_tag-adidas","8":"pa_color-unico","9":"pa_talla-37-5","10":"thunk-woo-product-list","11":"opn-qv-enable","12":"open-woo-hover-","13":"open-single-product-tab-horizontal","14":"open-shadow-","15":"open-shadow-hover-","17":"first","18":"instock","19":"sale","20":"shipping-taxable","21":"purchasable","22":"product-type-variable"},"jetpack_sharing_enabled":true,"_links":{"self":[{"href":"https:\/\/www.deporteseli.com\/index.php?rest_route=\/wp\/v2\/product\/44702","targetHints":{"allow":["GET"]}}],"collection":[{"href":"https:\/\/www.deporteseli.com\/index.php?rest_route=\/wp\/v2\/product"}],"about":[{"href":"https:\/\/www.deporteseli.com\/index.php?rest_route=\/wp\/v2\/types\/product"}],"wp:featuredmedia":[{"embeddable":true,"href":"https:\/\/www.deporteseli.com\/index.php?rest_route=\/wp\/v2\/media\/57716"}],"wp:attachment":[{"href":"https:\/\/www.deporteseli.com\/index.php?rest_route=%2Fwp%2Fv2%2Fmedia&parent=44702"}],"wp:term":[{"taxonomy":"product_brand","embeddable":true,"href":"https:\/\/www.deporteseli.com\/index.php?rest_route=%2Fwp%2Fv2%2Fproduct_brand&post=44702"},{"taxonomy":"product_cat","embeddable":true,"href":"https:\/\/www.deporteseli.com\/index.php?rest_route=%2Fwp%2Fv2%2Fproduct_cat&post=44702"},{"taxonomy":"product_tag","embeddable":true,"href":"https:\/\/www.deporteseli.com\/index.php?rest_route=%2Fwp%2Fv2%2Fproduct_tag&post=44702"}],"curies":[{"name":"wp","href":"https:\/\/api.w.org\/{rel}","templated":true}]}}