{"id":44697,"date":"2026-01-27T20:33:54","date_gmt":"2026-01-27T20:33:54","guid":{"rendered":"https:\/\/www.deporteseli.com\/?product=set-puma-686307"},"modified":"2026-03-07T06:16:24","modified_gmt":"2026-03-07T06:16:24","slug":"set-puma-686307","status":"publish","type":"product","link":"https:\/\/www.deporteseli.com\/?product=set-puma-686307","title":{"rendered":"SET PUMA 686307"},"content":{"rendered":"<p>Eleva tu look con este conjunto de PUMA. La camiseta cuenta con el logo PUMA n.\u00ba 1 de goma y cuello redondo acanalado, mientras que los shorts ofrecen una cintura el\u00e1stica con cord\u00f3n interno para mayor facilidad de uso. Ideal para actividades casuales o para descansar en casa.      CARACTER\u00cdSTICAS   BENEFICIOS  Producto fabricado con al menos un 20 % de algod\u00f3n reciclado  DETALLES  Ajuste est\u00e1ndar  Cuello redondo de canal\u00e9  Shorts con cintura el\u00e1stica y cord\u00f3n interior  Manga corta  Logo PUMA n.\u00ba 1  Detalles de la marca PUMA  Composici\u00f3n  Exterior: 100% Algod\u00f3n  Acanalado: 71% Algod\u00f3n, 29% Poli\u00e9ster                                                                                                                                                                                                                                                                                                                                                                                                                                                                                                                                                                                                                                                                                                                                                                                                                                                                                                                                                                                                                                        <\/p>\n","protected":false},"excerpt":{"rendered":"<p>SET PUMA 686307<\/p>\n","protected":false},"featured_media":57713,"template":"","meta":[],"product_brand":[],"product_cat":[379],"product_tag":[32],"class_list":{"0":"post-44697","1":"product","2":"type-product","3":"status-publish","4":"has-post-thumbnail","6":"product_cat-ninas_textil_conjuntos","7":"product_tag-puma","8":"pa_color-unico","9":"pa_talla-t-10","10":"pa_talla-t-12","11":"pa_talla-t-14","12":"pa_talla-t-16","13":"thunk-woo-product-list","14":"opn-qv-enable","15":"open-woo-hover-","16":"open-single-product-tab-horizontal","17":"open-shadow-","18":"open-shadow-hover-","20":"first","21":"instock","22":"shipping-taxable","23":"purchasable","24":"product-type-variable"},"jetpack_sharing_enabled":true,"_links":{"self":[{"href":"https:\/\/www.deporteseli.com\/index.php?rest_route=\/wp\/v2\/product\/44697","targetHints":{"allow":["GET"]}}],"collection":[{"href":"https:\/\/www.deporteseli.com\/index.php?rest_route=\/wp\/v2\/product"}],"about":[{"href":"https:\/\/www.deporteseli.com\/index.php?rest_route=\/wp\/v2\/types\/product"}],"wp:featuredmedia":[{"embeddable":true,"href":"https:\/\/www.deporteseli.com\/index.php?rest_route=\/wp\/v2\/media\/57713"}],"wp:attachment":[{"href":"https:\/\/www.deporteseli.com\/index.php?rest_route=%2Fwp%2Fv2%2Fmedia&parent=44697"}],"wp:term":[{"taxonomy":"product_brand","embeddable":true,"href":"https:\/\/www.deporteseli.com\/index.php?rest_route=%2Fwp%2Fv2%2Fproduct_brand&post=44697"},{"taxonomy":"product_cat","embeddable":true,"href":"https:\/\/www.deporteseli.com\/index.php?rest_route=%2Fwp%2Fv2%2Fproduct_cat&post=44697"},{"taxonomy":"product_tag","embeddable":true,"href":"https:\/\/www.deporteseli.com\/index.php?rest_route=%2Fwp%2Fv2%2Fproduct_tag&post=44697"}],"curies":[{"name":"wp","href":"https:\/\/api.w.org\/{rel}","templated":true}]}}