{"id":44686,"date":"2026-01-27T20:33:41","date_gmt":"2026-01-27T20:33:41","guid":{"rendered":"https:\/\/www.deporteseli.com\/?product=set-puma-686285"},"modified":"2026-03-07T06:16:12","modified_gmt":"2026-03-07T06:16:12","slug":"set-puma-686285","status":"publish","type":"product","link":"https:\/\/www.deporteseli.com\/?product=set-puma-686285","title":{"rendered":"SET PUMA 686285"},"content":{"rendered":"<p>Esta camiseta cuenta con un llamativo estampado de goma del logo PUMA n.\u00ba 1 y un cuello redondo acanalado, mientras que los shorts cuentan con un estampado de goma del logo n.\u00ba 1 adicional y cordones internos para un ajuste personalizado. Ideal para citas de juego divertidas o para descansar c\u00f3modamente en casa      DETALLES  Ajuste est\u00e1ndar  Cuello redondo de canal\u00e9  Shorts con cordones internos  Manga corta  Bolsillos laterales  Detalles de la marca PUMA  Composici\u00f3n  Exterior: 100% Algod\u00f3n  Acanalado: 80% Algod\u00f3n, 20% Poli\u00e9ster                                                                                                                                                                                                                                                                                                                                                                                                                                                                                                                                                                                                                                                                                                                                                                                                                                                                                                                                                                                                                                        <\/p>\n","protected":false},"excerpt":{"rendered":"<p>SET PUMA 686285<\/p>\n","protected":false},"featured_media":57710,"template":"","meta":[],"product_brand":[],"product_cat":[379],"product_tag":[32],"class_list":{"0":"post-44686","1":"product","2":"type-product","3":"status-publish","4":"has-post-thumbnail","6":"product_cat-ninas_textil_conjuntos","7":"product_tag-puma","8":"pa_color-unico","9":"pa_talla-18-meses","10":"pa_talla-167","11":"pa_talla-168","12":"thunk-woo-product-list","13":"opn-qv-enable","14":"open-woo-hover-","15":"open-single-product-tab-horizontal","16":"open-shadow-","17":"open-shadow-hover-","19":"first","20":"instock","21":"shipping-taxable","22":"purchasable","23":"product-type-variable"},"jetpack_sharing_enabled":true,"_links":{"self":[{"href":"https:\/\/www.deporteseli.com\/index.php?rest_route=\/wp\/v2\/product\/44686","targetHints":{"allow":["GET"]}}],"collection":[{"href":"https:\/\/www.deporteseli.com\/index.php?rest_route=\/wp\/v2\/product"}],"about":[{"href":"https:\/\/www.deporteseli.com\/index.php?rest_route=\/wp\/v2\/types\/product"}],"wp:featuredmedia":[{"embeddable":true,"href":"https:\/\/www.deporteseli.com\/index.php?rest_route=\/wp\/v2\/media\/57710"}],"wp:attachment":[{"href":"https:\/\/www.deporteseli.com\/index.php?rest_route=%2Fwp%2Fv2%2Fmedia&parent=44686"}],"wp:term":[{"taxonomy":"product_brand","embeddable":true,"href":"https:\/\/www.deporteseli.com\/index.php?rest_route=%2Fwp%2Fv2%2Fproduct_brand&post=44686"},{"taxonomy":"product_cat","embeddable":true,"href":"https:\/\/www.deporteseli.com\/index.php?rest_route=%2Fwp%2Fv2%2Fproduct_cat&post=44686"},{"taxonomy":"product_tag","embeddable":true,"href":"https:\/\/www.deporteseli.com\/index.php?rest_route=%2Fwp%2Fv2%2Fproduct_tag&post=44686"}],"curies":[{"name":"wp","href":"https:\/\/api.w.org\/{rel}","templated":true}]}}