{"id":44683,"date":"2026-01-27T20:33:38","date_gmt":"2026-01-27T20:33:38","guid":{"rendered":"https:\/\/www.deporteseli.com\/?product=chandal-puma-686281"},"modified":"2026-03-07T06:16:08","modified_gmt":"2026-03-07T06:16:08","slug":"chandal-puma-686281","status":"publish","type":"product","link":"https:\/\/www.deporteseli.com\/?product=chandal-puma-686281","title":{"rendered":"CHANDAL PUMA 686281"},"content":{"rendered":"<p>Este conjunto de camiseta y pantalones de PUMA presenta estampados de goma del logotipo n.\u00b0 1, pu\u00f1os y dobladillos acanalados. Con cordones internos para un ajuste personalizado, es perfecto para los peque\u00f1os en movimiento. Prep\u00e1rate para divertidas citas de juego o para relajarte c\u00f3modamente en casa.      CARACTER\u00cdSTICAS Y BENEFICIOS  Fabricado con al menos un 50% de materiales reciclados.  DETALLES  Ajuste regular  Fondo cerrado  Pu\u00f1os y dobladillos acanalados  Cordones interiores  Mangas largas  Detalles de la marca PUMA  Informaci\u00f3n del material  Exterior: 68% algod\u00f3n, 32% poli\u00e9ster  Costilla: 97% algod\u00f3n, 3% elastano                                                                                                                                                                                                                                                                                                                                                                                                                                                                                                                                                                                                                                                                                                                                                                                                                                                                                                                                                                                                                                        <\/p>\n","protected":false},"excerpt":{"rendered":"<p>CHANDAL PUMA 686281<\/p>\n","protected":false},"featured_media":57708,"template":"","meta":[],"product_brand":[],"product_cat":[380],"product_tag":[32],"class_list":{"0":"post-44683","1":"product","2":"type-product","3":"status-publish","4":"has-post-thumbnail","6":"product_cat-ninas_textil_chandals","7":"product_tag-puma","8":"pa_color-unico","9":"pa_talla-167","10":"pa_talla-168","11":"thunk-woo-product-list","12":"opn-qv-enable","13":"open-woo-hover-","14":"open-single-product-tab-horizontal","15":"open-shadow-","16":"open-shadow-hover-","18":"first","19":"instock","20":"shipping-taxable","21":"purchasable","22":"product-type-variable"},"jetpack_sharing_enabled":true,"_links":{"self":[{"href":"https:\/\/www.deporteseli.com\/index.php?rest_route=\/wp\/v2\/product\/44683","targetHints":{"allow":["GET"]}}],"collection":[{"href":"https:\/\/www.deporteseli.com\/index.php?rest_route=\/wp\/v2\/product"}],"about":[{"href":"https:\/\/www.deporteseli.com\/index.php?rest_route=\/wp\/v2\/types\/product"}],"wp:featuredmedia":[{"embeddable":true,"href":"https:\/\/www.deporteseli.com\/index.php?rest_route=\/wp\/v2\/media\/57708"}],"wp:attachment":[{"href":"https:\/\/www.deporteseli.com\/index.php?rest_route=%2Fwp%2Fv2%2Fmedia&parent=44683"}],"wp:term":[{"taxonomy":"product_brand","embeddable":true,"href":"https:\/\/www.deporteseli.com\/index.php?rest_route=%2Fwp%2Fv2%2Fproduct_brand&post=44683"},{"taxonomy":"product_cat","embeddable":true,"href":"https:\/\/www.deporteseli.com\/index.php?rest_route=%2Fwp%2Fv2%2Fproduct_cat&post=44683"},{"taxonomy":"product_tag","embeddable":true,"href":"https:\/\/www.deporteseli.com\/index.php?rest_route=%2Fwp%2Fv2%2Fproduct_tag&post=44683"}],"curies":[{"name":"wp","href":"https:\/\/api.w.org\/{rel}","templated":true}]}}