{"id":44669,"date":"2026-01-27T20:33:20","date_gmt":"2026-01-27T20:33:20","guid":{"rendered":"https:\/\/www.deporteseli.com\/?product=short-puma-685796"},"modified":"2026-03-07T06:15:57","modified_gmt":"2026-03-07T06:15:57","slug":"short-puma-685796","status":"publish","type":"product","link":"https:\/\/www.deporteseli.com\/?product=short-puma-685796","title":{"rendered":"SHORT PUMA 685796"},"content":{"rendered":"<p>Prep\u00e1rate para el verano con estos shorts de PUMA. Con el \u00edcono PUMA Cat estampado en goma, un estampado de goma y una cinturilla el\u00e1stica con cord\u00f3n interno para un ajuste personalizado. Ideal para quienes adoran a modernidad y la diversi\u00f3n.      CARACTER\u00cdSTICAS   BENEFICIOS  Producto fabricado con material 100 % reciclado, excepto ribetes y adornos.  DETALLES  Ajuste est\u00e1ndar  Sarga  Largo hasta la rodilla  Talle medio  Bolsillo lateral  PUMA Juvenil: Recomendado para ni\u00f1os y adolescentes de 8 a 16 a\u00f1os  Composici\u00f3n  Exterior: 100% Poli\u00e9ster  Forro Interior: 100% Poli\u00e9ster                                                                                                                                                                                                                                                                                                                                                                                                                                                                                                                                                                                                                                                                                                                                                                                                                                                                                                                                                                                                                                        <\/p>\n","protected":false},"excerpt":{"rendered":"<p>SHORT PUMA 685796<\/p>\n","protected":false},"featured_media":57705,"template":"","meta":[],"product_brand":[],"product_cat":[306],"product_tag":[32],"class_list":{"0":"post-44669","1":"product","2":"type-product","3":"status-publish","4":"has-post-thumbnail","6":"product_cat-nino_textil_banadores","7":"product_tag-puma","8":"pa_color-unico","9":"pa_talla-t-10","10":"pa_talla-t-12","11":"pa_talla-t-14","12":"pa_talla-t-16","13":"pa_talla-t-8","14":"thunk-woo-product-list","15":"opn-qv-enable","16":"open-woo-hover-","17":"open-single-product-tab-horizontal","18":"open-shadow-","19":"open-shadow-hover-","21":"first","22":"instock","23":"shipping-taxable","24":"purchasable","25":"product-type-variable"},"jetpack_sharing_enabled":true,"_links":{"self":[{"href":"https:\/\/www.deporteseli.com\/index.php?rest_route=\/wp\/v2\/product\/44669","targetHints":{"allow":["GET"]}}],"collection":[{"href":"https:\/\/www.deporteseli.com\/index.php?rest_route=\/wp\/v2\/product"}],"about":[{"href":"https:\/\/www.deporteseli.com\/index.php?rest_route=\/wp\/v2\/types\/product"}],"wp:featuredmedia":[{"embeddable":true,"href":"https:\/\/www.deporteseli.com\/index.php?rest_route=\/wp\/v2\/media\/57705"}],"wp:attachment":[{"href":"https:\/\/www.deporteseli.com\/index.php?rest_route=%2Fwp%2Fv2%2Fmedia&parent=44669"}],"wp:term":[{"taxonomy":"product_brand","embeddable":true,"href":"https:\/\/www.deporteseli.com\/index.php?rest_route=%2Fwp%2Fv2%2Fproduct_brand&post=44669"},{"taxonomy":"product_cat","embeddable":true,"href":"https:\/\/www.deporteseli.com\/index.php?rest_route=%2Fwp%2Fv2%2Fproduct_cat&post=44669"},{"taxonomy":"product_tag","embeddable":true,"href":"https:\/\/www.deporteseli.com\/index.php?rest_route=%2Fwp%2Fv2%2Fproduct_tag&post=44669"}],"curies":[{"name":"wp","href":"https:\/\/api.w.org\/{rel}","templated":true}]}}