{"id":44665,"date":"2026-01-27T20:33:14","date_gmt":"2026-01-27T20:33:14","guid":{"rendered":"https:\/\/www.deporteseli.com\/?product=camisa-puma-685795"},"modified":"2026-03-07T06:15:50","modified_gmt":"2026-03-07T06:15:50","slug":"camisa-puma-685795","status":"publish","type":"product","link":"https:\/\/www.deporteseli.com\/?product=camisa-puma-685795","title":{"rendered":"CAMISA PUMA 685795"},"content":{"rendered":"<p>Presume de estilo veraniego con esta llamativa camiseta, con un llamativo \u00edcono PUMA Cat y un estampado de goma. Perfecta para quienes aman expresarse, esta prenda aporta energ\u00eda y emoci\u00f3n a tu look diario. Vive audazmente con PUMA.      DETALLES  Ajuste est\u00e1ndar  Punto simple  Largo est\u00e1ndar  Cuello redondo  Manga corta  Detalles de la marca PUMA  PUMA Juvenil: Recomendado para ni\u00f1os y adolescentes de 8 a 16 a\u00f1os  Composici\u00f3n  Exterior: 100% Algod\u00f3n  Acanalado: 80% Algod\u00f3n, 20% Poli\u00e9ster                                                                                                                                                                                                                                                                                                                                                                                                                                                                                                                                                                                                                                                                                                                                                                                                                                                                                                                                                                                                                                        <\/p>\n","protected":false},"excerpt":{"rendered":"<p>CAMISA PUMA 685795<\/p>\n","protected":false},"featured_media":57704,"template":"","meta":[],"product_brand":[],"product_cat":[296],"product_tag":[32],"class_list":{"0":"post-44665","1":"product","2":"type-product","3":"status-publish","4":"has-post-thumbnail","6":"product_cat-nino_textil_camisetas","7":"product_tag-puma","8":"pa_color-unico","9":"pa_talla-t-10","10":"pa_talla-t-12","11":"pa_talla-t-14","12":"thunk-woo-product-list","13":"opn-qv-enable","14":"open-woo-hover-","15":"open-single-product-tab-horizontal","16":"open-shadow-","17":"open-shadow-hover-","19":"first","20":"instock","21":"shipping-taxable","22":"purchasable","23":"product-type-variable"},"jetpack_sharing_enabled":true,"_links":{"self":[{"href":"https:\/\/www.deporteseli.com\/index.php?rest_route=\/wp\/v2\/product\/44665","targetHints":{"allow":["GET"]}}],"collection":[{"href":"https:\/\/www.deporteseli.com\/index.php?rest_route=\/wp\/v2\/product"}],"about":[{"href":"https:\/\/www.deporteseli.com\/index.php?rest_route=\/wp\/v2\/types\/product"}],"wp:featuredmedia":[{"embeddable":true,"href":"https:\/\/www.deporteseli.com\/index.php?rest_route=\/wp\/v2\/media\/57704"}],"wp:attachment":[{"href":"https:\/\/www.deporteseli.com\/index.php?rest_route=%2Fwp%2Fv2%2Fmedia&parent=44665"}],"wp:term":[{"taxonomy":"product_brand","embeddable":true,"href":"https:\/\/www.deporteseli.com\/index.php?rest_route=%2Fwp%2Fv2%2Fproduct_brand&post=44665"},{"taxonomy":"product_cat","embeddable":true,"href":"https:\/\/www.deporteseli.com\/index.php?rest_route=%2Fwp%2Fv2%2Fproduct_cat&post=44665"},{"taxonomy":"product_tag","embeddable":true,"href":"https:\/\/www.deporteseli.com\/index.php?rest_route=%2Fwp%2Fv2%2Fproduct_tag&post=44665"}],"curies":[{"name":"wp","href":"https:\/\/api.w.org\/{rel}","templated":true}]}}