{"id":44654,"date":"2026-01-27T20:33:00","date_gmt":"2026-01-27T20:33:00","guid":{"rendered":"https:\/\/www.deporteseli.com\/?product=camisa-puma-685778"},"modified":"2026-03-07T06:15:38","modified_gmt":"2026-03-07T06:15:38","slug":"camisa-puma-685778","status":"publish","type":"product","link":"https:\/\/www.deporteseli.com\/?product=camisa-puma-685778","title":{"rendered":"CAMISA PUMA 685778"},"content":{"rendered":"<p>La camiseta infantil Puma No.1 es un imprescindible para los j\u00f3venes aficionados al deporte. Fabricada por la famosa marca Puma, esta camiseta est\u00e1 dise\u00f1ada para los ni\u00f1os, lo que la convierte en una elecci\u00f3n ideal para actividades deportivas o para el ocio. Con su dise\u00f1o elegante y su logo emblem\u00e1tico, esta camiseta es a la vez moderna y c\u00f3moda.    Ya sea que su hijo sea fan del f\u00fatbol, del baloncesto o de correr, esta camiseta Puma le proporcionar\u00e1 el apoyo que necesita. Hecha con materiales de alta calidad, es a la vez transpirable y duradera, por lo que es una opci\u00f3n perfecta para las aventuras al aire libre.    La camiseta Puma No.1 est\u00e1 disponible en diferentes tama\u00f1os para adaptarse perfectamente a la morfolog\u00eda de su hijo. Su estilo deportivo y moderno la convierte en una elecci\u00f3n ideal para todas las ocasiones, ya sea para ir a la escuela, jugar con amigos o hacer deporte.    Como padres, sabemos lo importante que es encontrar ropa de calidad para nuestros hijos. Con Puma, puede estar seguro de que est\u00e1 invirtiendo en un producto fiable y de alta calidad. Adem\u00e1s, al elegir esta camiseta, le ofrece a su hijo un look moderno y a la moda, lo que lo har\u00e1 sentir orgulloso de llevarla.    D\u00e9jele a su hijo la oportunidad de mostrar su estilo y su apoyo a la marca Puma con esta camiseta No.1. P\u00eddala ahora y deje que su hijo disfrute de la comodidad y el estilo de esta marca de renombre. No pierda la oportunidad de hacer feliz a su hijo con esta camiseta Puma                                                                                                                                                                                                                                                                                                                                                                                                                                                                                                                                                                                                                                                                                                                                                                                                                                                                                                                                                                                                                                        <\/p>\n","protected":false},"excerpt":{"rendered":"<p>CAMISA PUMA 685778<\/p>\n","protected":false},"featured_media":57699,"template":"","meta":[],"product_brand":[],"product_cat":[296],"product_tag":[32],"class_list":{"0":"post-44654","1":"product","2":"type-product","3":"status-publish","4":"has-post-thumbnail","6":"product_cat-nino_textil_camisetas","7":"product_tag-puma","8":"pa_color-unico","9":"pa_talla-t-12","10":"pa_talla-t-8","11":"thunk-woo-product-list","12":"opn-qv-enable","13":"open-woo-hover-","14":"open-single-product-tab-horizontal","15":"open-shadow-","16":"open-shadow-hover-","18":"first","19":"instock","20":"shipping-taxable","21":"purchasable","22":"product-type-variable"},"jetpack_sharing_enabled":true,"_links":{"self":[{"href":"https:\/\/www.deporteseli.com\/index.php?rest_route=\/wp\/v2\/product\/44654","targetHints":{"allow":["GET"]}}],"collection":[{"href":"https:\/\/www.deporteseli.com\/index.php?rest_route=\/wp\/v2\/product"}],"about":[{"href":"https:\/\/www.deporteseli.com\/index.php?rest_route=\/wp\/v2\/types\/product"}],"wp:featuredmedia":[{"embeddable":true,"href":"https:\/\/www.deporteseli.com\/index.php?rest_route=\/wp\/v2\/media\/57699"}],"wp:attachment":[{"href":"https:\/\/www.deporteseli.com\/index.php?rest_route=%2Fwp%2Fv2%2Fmedia&parent=44654"}],"wp:term":[{"taxonomy":"product_brand","embeddable":true,"href":"https:\/\/www.deporteseli.com\/index.php?rest_route=%2Fwp%2Fv2%2Fproduct_brand&post=44654"},{"taxonomy":"product_cat","embeddable":true,"href":"https:\/\/www.deporteseli.com\/index.php?rest_route=%2Fwp%2Fv2%2Fproduct_cat&post=44654"},{"taxonomy":"product_tag","embeddable":true,"href":"https:\/\/www.deporteseli.com\/index.php?rest_route=%2Fwp%2Fv2%2Fproduct_tag&post=44654"}],"curies":[{"name":"wp","href":"https:\/\/api.w.org\/{rel}","templated":true}]}}