{"id":44652,"date":"2026-01-27T20:32:57","date_gmt":"2026-01-27T20:32:57","guid":{"rendered":"https:\/\/www.deporteseli.com\/?product=camisa-puma-684991"},"modified":"2026-03-07T06:15:35","modified_gmt":"2026-03-07T06:15:35","slug":"camisa-puma-684991","status":"publish","type":"product","link":"https:\/\/www.deporteseli.com\/?product=camisa-puma-684991","title":{"rendered":"CAMISA PUMA 684991"},"content":{"rendered":"<p>Saca a la amante de la moda que llevas dentro con esta camiseta, con un din\u00e1mico estampado gr\u00e1fico de PUMA. Creada para las mujeres a las que les gusta destacar, combina un estilo sencillo con un toque de estilo PUMA. Eleva tu look diario con esta pieza esencial.    CARACTER\u00cdSTICAS   BENEFICIOS  Producto fabricado con al menos un 20% de algod\u00f3n reciclado  DETALLES  Ajuste est\u00e1ndar  Punto simple  Largo est\u00e1ndar  Cuello redondo  Manga corta  Manga corta  Gr\u00e1fico PUMA de goma estampado  Detalles de la marca PUMA  Informaci\u00f3n del material  CUBIERTA: 100% algod\u00f3n  CUELLO: 70% algod\u00f3n, 30% poli\u00e9ster                                                                                                                                                                                                                                                                                                                                                                                                                                                                                                                                                                                                                                                                                                                                                                                                                                                                                                                                                                                                                                        <\/p>\n","protected":false},"excerpt":{"rendered":"<p>CAMISA PUMA 684991<\/p>\n","protected":false},"featured_media":57697,"template":"","meta":[],"product_brand":[],"product_cat":[269],"product_tag":[32],"class_list":{"0":"post-44652","1":"product","2":"type-product","3":"status-publish","4":"has-post-thumbnail","6":"product_cat-mujer_textil_camisetas","7":"product_tag-puma","8":"pa_color-unico","9":"pa_talla-s","10":"thunk-woo-product-list","11":"opn-qv-enable","12":"open-woo-hover-","13":"open-single-product-tab-horizontal","14":"open-shadow-","15":"open-shadow-hover-","17":"first","18":"instock","19":"shipping-taxable","20":"purchasable","21":"product-type-variable"},"jetpack_sharing_enabled":true,"_links":{"self":[{"href":"https:\/\/www.deporteseli.com\/index.php?rest_route=\/wp\/v2\/product\/44652","targetHints":{"allow":["GET"]}}],"collection":[{"href":"https:\/\/www.deporteseli.com\/index.php?rest_route=\/wp\/v2\/product"}],"about":[{"href":"https:\/\/www.deporteseli.com\/index.php?rest_route=\/wp\/v2\/types\/product"}],"wp:featuredmedia":[{"embeddable":true,"href":"https:\/\/www.deporteseli.com\/index.php?rest_route=\/wp\/v2\/media\/57697"}],"wp:attachment":[{"href":"https:\/\/www.deporteseli.com\/index.php?rest_route=%2Fwp%2Fv2%2Fmedia&parent=44652"}],"wp:term":[{"taxonomy":"product_brand","embeddable":true,"href":"https:\/\/www.deporteseli.com\/index.php?rest_route=%2Fwp%2Fv2%2Fproduct_brand&post=44652"},{"taxonomy":"product_cat","embeddable":true,"href":"https:\/\/www.deporteseli.com\/index.php?rest_route=%2Fwp%2Fv2%2Fproduct_cat&post=44652"},{"taxonomy":"product_tag","embeddable":true,"href":"https:\/\/www.deporteseli.com\/index.php?rest_route=%2Fwp%2Fv2%2Fproduct_tag&post=44652"}],"curies":[{"name":"wp","href":"https:\/\/api.w.org\/{rel}","templated":true}]}}