{"id":44648,"date":"2026-01-27T20:32:52","date_gmt":"2026-01-27T20:32:52","guid":{"rendered":"https:\/\/www.deporteseli.com\/?product=camisa-puma-684972"},"modified":"2026-03-07T06:15:34","modified_gmt":"2026-03-07T06:15:34","slug":"camisa-puma-684972","status":"publish","type":"product","link":"https:\/\/www.deporteseli.com\/?product=camisa-puma-684972","title":{"rendered":"CAMISA PUMA 684972"},"content":{"rendered":"<p>Luce un estilo informal con esta camiseta corta relajada. Con un estampado llamativo de PUMA, es perfecta para combinar con jeans o leggings de cintura alta. Muestra tu orgullo por PUMA y adopta un estilo relajado y desenfadado.      CARACTER\u00cdSTICAS Y BENEFICIOS  Fabricado con al menos un 20% de algod\u00f3n reciclado.  DETALLES  Ajuste relajado  Tejido de jersey sencillo  Largo recortado  Cuello redondo  Mangas cortas  Hombro ca\u00eddo  Logotipo de PUMA n.\u00ba 1 estampado en goma   Detalles de la marca PUMA  Informaci\u00f3n del material  Exterior: 100% algod\u00f3n  Cuello: 70% algod\u00f3n, 30% poli\u00e9ster.                                                                                                                                                                                                                                                                                                                                                                                                                                                                                                                                                                                                                                                                                                                                                                                                                                                                                                                                                                                                                                        <\/p>\n","protected":false},"excerpt":{"rendered":"<p>CAMISA PUMA 684972<\/p>\n","protected":false},"featured_media":57695,"template":"","meta":[],"product_brand":[],"product_cat":[269],"product_tag":[32],"class_list":{"0":"post-44648","1":"product","2":"type-product","3":"status-publish","4":"has-post-thumbnail","6":"product_cat-mujer_textil_camisetas","7":"product_tag-puma","8":"pa_color-unico","9":"pa_talla-l","10":"pa_talla-s","11":"pa_talla-xl","12":"thunk-woo-product-list","13":"opn-qv-enable","14":"open-woo-hover-","15":"open-single-product-tab-horizontal","16":"open-shadow-","17":"open-shadow-hover-","19":"first","20":"instock","21":"shipping-taxable","22":"purchasable","23":"product-type-variable"},"jetpack_sharing_enabled":true,"_links":{"self":[{"href":"https:\/\/www.deporteseli.com\/index.php?rest_route=\/wp\/v2\/product\/44648","targetHints":{"allow":["GET"]}}],"collection":[{"href":"https:\/\/www.deporteseli.com\/index.php?rest_route=\/wp\/v2\/product"}],"about":[{"href":"https:\/\/www.deporteseli.com\/index.php?rest_route=\/wp\/v2\/types\/product"}],"wp:featuredmedia":[{"embeddable":true,"href":"https:\/\/www.deporteseli.com\/index.php?rest_route=\/wp\/v2\/media\/57695"}],"wp:attachment":[{"href":"https:\/\/www.deporteseli.com\/index.php?rest_route=%2Fwp%2Fv2%2Fmedia&parent=44648"}],"wp:term":[{"taxonomy":"product_brand","embeddable":true,"href":"https:\/\/www.deporteseli.com\/index.php?rest_route=%2Fwp%2Fv2%2Fproduct_brand&post=44648"},{"taxonomy":"product_cat","embeddable":true,"href":"https:\/\/www.deporteseli.com\/index.php?rest_route=%2Fwp%2Fv2%2Fproduct_cat&post=44648"},{"taxonomy":"product_tag","embeddable":true,"href":"https:\/\/www.deporteseli.com\/index.php?rest_route=%2Fwp%2Fv2%2Fproduct_tag&post=44648"}],"curies":[{"name":"wp","href":"https:\/\/api.w.org\/{rel}","templated":true}]}}