{"id":44646,"date":"2026-01-27T20:32:50","date_gmt":"2026-01-27T20:32:50","guid":{"rendered":"https:\/\/www.deporteseli.com\/?product=camisa-puma-684968"},"modified":"2026-03-07T06:15:29","modified_gmt":"2026-03-07T06:15:29","slug":"camisa-puma-684968","status":"publish","type":"product","link":"https:\/\/www.deporteseli.com\/?product=camisa-puma-684968","title":{"rendered":"CAMISA PUMA 684968"},"content":{"rendered":"<p>Da rienda suelta a la deportista que llevas dentro con esta elegante camiseta de tirantes ajustada. Con el ic\u00f3nico logotipo n.\u00ba 1 estampado en goma, se ha dise\u00f1ado para quienes abrazan el movimiento y el estilo. Perfecta para cualquier actividad, esta camiseta de tirantes te permite mostrar tu orgullo PUMA sin esfuerzo.      DETALLES  Corte semiajustado  Punto simple  Largo est\u00e1ndar  Cuello redondo  Sin mangas  Logotipo PUMA n.\u00ba 1 estampado en goma  Detalles de la marca PUMA  Composici\u00f3n  Exterior: 95% Algod\u00f3n, 5% Elastano  Acanalado: 70% Algod\u00f3n, 30% Poli\u00e9ster                                                                                                                                                                                                                                                                                                                                                                                                                                                                                                                                                                                                                                                                                                                                                                                                                                                                                                                                                                                                                                        <\/p>\n","protected":false},"excerpt":{"rendered":"<p>CAMISA PUMA 684968<\/p>\n","protected":false},"featured_media":57694,"template":"","meta":[],"product_brand":[],"product_cat":[269],"product_tag":[32],"class_list":{"0":"post-44646","1":"product","2":"type-product","3":"status-publish","4":"has-post-thumbnail","6":"product_cat-mujer_textil_camisetas","7":"product_tag-puma","8":"pa_color-unico","9":"pa_talla-l","10":"thunk-woo-product-list","11":"opn-qv-enable","12":"open-woo-hover-","13":"open-single-product-tab-horizontal","14":"open-shadow-","15":"open-shadow-hover-","17":"first","18":"instock","19":"shipping-taxable","20":"purchasable","21":"product-type-variable"},"jetpack_sharing_enabled":true,"_links":{"self":[{"href":"https:\/\/www.deporteseli.com\/index.php?rest_route=\/wp\/v2\/product\/44646","targetHints":{"allow":["GET"]}}],"collection":[{"href":"https:\/\/www.deporteseli.com\/index.php?rest_route=\/wp\/v2\/product"}],"about":[{"href":"https:\/\/www.deporteseli.com\/index.php?rest_route=\/wp\/v2\/types\/product"}],"wp:featuredmedia":[{"embeddable":true,"href":"https:\/\/www.deporteseli.com\/index.php?rest_route=\/wp\/v2\/media\/57694"}],"wp:attachment":[{"href":"https:\/\/www.deporteseli.com\/index.php?rest_route=%2Fwp%2Fv2%2Fmedia&parent=44646"}],"wp:term":[{"taxonomy":"product_brand","embeddable":true,"href":"https:\/\/www.deporteseli.com\/index.php?rest_route=%2Fwp%2Fv2%2Fproduct_brand&post=44646"},{"taxonomy":"product_cat","embeddable":true,"href":"https:\/\/www.deporteseli.com\/index.php?rest_route=%2Fwp%2Fv2%2Fproduct_cat&post=44646"},{"taxonomy":"product_tag","embeddable":true,"href":"https:\/\/www.deporteseli.com\/index.php?rest_route=%2Fwp%2Fv2%2Fproduct_tag&post=44646"}],"curies":[{"name":"wp","href":"https:\/\/api.w.org\/{rel}","templated":true}]}}