{"id":44643,"date":"2026-01-27T20:32:46","date_gmt":"2026-01-27T20:32:46","guid":{"rendered":"https:\/\/www.deporteseli.com\/?product=camisa-puma-684892-2"},"modified":"2026-03-07T06:15:27","modified_gmt":"2026-03-07T06:15:27","slug":"camisa-puma-684892-2","status":"publish","type":"product","link":"https:\/\/www.deporteseli.com\/?product=camisa-puma-684892-2","title":{"rendered":"CAMISA PUMA 684892"},"content":{"rendered":"<p>Abraza al creador de tendencias que llevas dentro con esta camiseta que presenta un llamativo logotipo de PUMA. Su corte regular y su suave mezcla de algod\u00f3n la convierten en una opci\u00f3n vers\u00e1til para cualquier aventura. Abraza el ic\u00f3nico&#8230;                                                                                                                                                                                                                                                                                                                                                                                                                                                                                                                                                                                                                                                                                                                                                                                                                                                                                                                                                                                                                                        <\/p>\n","protected":false},"excerpt":{"rendered":"<p>CAMISA PUMA 684892<\/p>\n","protected":false},"featured_media":57693,"template":"","meta":[],"product_brand":[],"product_cat":[376],"product_tag":[32],"class_list":{"0":"post-44643","1":"product","2":"type-product","3":"status-publish","4":"has-post-thumbnail","6":"product_cat-ninas_textil_camisetas","7":"product_tag-puma","8":"pa_color-unico","9":"pa_talla-t-12","10":"pa_talla-t-14","11":"thunk-woo-product-list","12":"opn-qv-enable","13":"open-woo-hover-","14":"open-single-product-tab-horizontal","15":"open-shadow-","16":"open-shadow-hover-","18":"first","19":"instock","20":"shipping-taxable","21":"purchasable","22":"product-type-variable"},"jetpack_sharing_enabled":true,"_links":{"self":[{"href":"https:\/\/www.deporteseli.com\/index.php?rest_route=\/wp\/v2\/product\/44643","targetHints":{"allow":["GET"]}}],"collection":[{"href":"https:\/\/www.deporteseli.com\/index.php?rest_route=\/wp\/v2\/product"}],"about":[{"href":"https:\/\/www.deporteseli.com\/index.php?rest_route=\/wp\/v2\/types\/product"}],"wp:featuredmedia":[{"embeddable":true,"href":"https:\/\/www.deporteseli.com\/index.php?rest_route=\/wp\/v2\/media\/57693"}],"wp:attachment":[{"href":"https:\/\/www.deporteseli.com\/index.php?rest_route=%2Fwp%2Fv2%2Fmedia&parent=44643"}],"wp:term":[{"taxonomy":"product_brand","embeddable":true,"href":"https:\/\/www.deporteseli.com\/index.php?rest_route=%2Fwp%2Fv2%2Fproduct_brand&post=44643"},{"taxonomy":"product_cat","embeddable":true,"href":"https:\/\/www.deporteseli.com\/index.php?rest_route=%2Fwp%2Fv2%2Fproduct_cat&post=44643"},{"taxonomy":"product_tag","embeddable":true,"href":"https:\/\/www.deporteseli.com\/index.php?rest_route=%2Fwp%2Fv2%2Fproduct_tag&post=44643"}],"curies":[{"name":"wp","href":"https:\/\/api.w.org\/{rel}","templated":true}]}}