{"id":44627,"date":"2026-01-27T20:32:25","date_gmt":"2026-01-27T20:32:25","guid":{"rendered":"https:\/\/www.deporteseli.com\/?product=short-puma-684670"},"modified":"2026-03-07T06:15:10","modified_gmt":"2026-03-07T06:15:10","slug":"short-puma-684670","status":"publish","type":"product","link":"https:\/\/www.deporteseli.com\/?product=short-puma-684670","title":{"rendered":"SHORT PUMA 684670"},"content":{"rendered":"<p>Descubre la combinaci\u00f3n perfecta de estilo y rendimiento con los pantalones cortos Puma Lab Execution 10 . Dise\u00f1ados por la reconocida marca Puma, estos pantalones cortos combinan a la perfecci\u00f3n elegancia y funcionalidad para ofrecerte una experiencia de running inigualable.    Fabricados con materiales de alta calidad, estos pantalones cortos son livianos y duraderos, y brindan una comodidad \u00f3ptima al tiempo que te permiten moverte con libertad. Su corte ajustado se adapta perfectamente al cuerpo, mientras que la cintura el\u00e1stica garantiza un ajuste seguro.    Los shorts Puma Lab Execution 10  tambi\u00e9n cuentan con tecnolog\u00eda DryCell, que absorbe eficazmente la humedad de tu piel para mantenerte seco y c\u00f3modo durante tus entrenamientos m\u00e1s intensos. Adem\u00e1s, sus costuras planas reducen la fricci\u00f3n y la irritaci\u00f3n para una comodidad \u00f3ptima en cada movimiento.    Con su dise\u00f1o elegante y moderno, estos pantalones cortos son un art\u00edculo imprescindible para los amantes del running. Ya sea que entrenes en interiores o al aire libre, su versatilidad te permitir\u00e1 rendir al m\u00e1ximo.    No escojas entre estilo y rendimiento, elige el short Puma Lab Execution 10  y prep\u00e1rate para alcanzar tus objetivos con estilo y comodidad. Perfecto para deportistas exigentes, este short es un imprescindible en tu armario deportivo. As\u00ed que no esperes m\u00e1s, pide el tuyo ya y deja que el short Puma Lab Execution 10  te acompa\u00f1e en todas tus sesiones de entrenamiento.                                                                                                                                                                                                                                                                                                                                                                                                                                                                                                                                                                                                                                                                                                                                                                                                                                                                                                                                                                                                                                        <\/p>\n","protected":false},"excerpt":{"rendered":"<p>SHORT PUMA 684670<\/p>\n","protected":false},"featured_media":57685,"template":"","meta":[],"product_brand":[],"product_cat":[250],"product_tag":[32],"class_list":{"0":"post-44627","1":"product","2":"type-product","3":"status-publish","4":"has-post-thumbnail","6":"product_cat-hombre_textil_bermudas","7":"product_tag-puma","8":"pa_color-unico","9":"pa_talla-l","10":"thunk-woo-product-list","11":"opn-qv-enable","12":"open-woo-hover-","13":"open-single-product-tab-horizontal","14":"open-shadow-","15":"open-shadow-hover-","17":"first","18":"instock","19":"shipping-taxable","20":"purchasable","21":"product-type-variable"},"jetpack_sharing_enabled":true,"_links":{"self":[{"href":"https:\/\/www.deporteseli.com\/index.php?rest_route=\/wp\/v2\/product\/44627","targetHints":{"allow":["GET"]}}],"collection":[{"href":"https:\/\/www.deporteseli.com\/index.php?rest_route=\/wp\/v2\/product"}],"about":[{"href":"https:\/\/www.deporteseli.com\/index.php?rest_route=\/wp\/v2\/types\/product"}],"wp:featuredmedia":[{"embeddable":true,"href":"https:\/\/www.deporteseli.com\/index.php?rest_route=\/wp\/v2\/media\/57685"}],"wp:attachment":[{"href":"https:\/\/www.deporteseli.com\/index.php?rest_route=%2Fwp%2Fv2%2Fmedia&parent=44627"}],"wp:term":[{"taxonomy":"product_brand","embeddable":true,"href":"https:\/\/www.deporteseli.com\/index.php?rest_route=%2Fwp%2Fv2%2Fproduct_brand&post=44627"},{"taxonomy":"product_cat","embeddable":true,"href":"https:\/\/www.deporteseli.com\/index.php?rest_route=%2Fwp%2Fv2%2Fproduct_cat&post=44627"},{"taxonomy":"product_tag","embeddable":true,"href":"https:\/\/www.deporteseli.com\/index.php?rest_route=%2Fwp%2Fv2%2Fproduct_tag&post=44627"}],"curies":[{"name":"wp","href":"https:\/\/api.w.org\/{rel}","templated":true}]}}