{"id":44620,"date":"2026-01-27T20:32:16","date_gmt":"2026-01-27T20:32:16","guid":{"rendered":"https:\/\/www.deporteseli.com\/?product=malla-puma-682430"},"modified":"2026-03-07T06:15:08","modified_gmt":"2026-03-07T06:15:08","slug":"malla-puma-682430","status":"publish","type":"product","link":"https:\/\/www.deporteseli.com\/?product=malla-puma-682430","title":{"rendered":"MALLA PUMA 682430"},"content":{"rendered":"<p>HISTORIA DEL PRODUCTO  Adopta un estilo de vida m\u00e1s activo con estos leggings piratas. Con un elegante estampado de goma con el logotipo n.\u00ba 1 y una cintura el\u00e1stica ce\u00f1ida, ofrecen un ajuste ce\u00f1ido que se mueve contigo. Perfectos para quienes viven la vida en movimiento.  Muestra tu orgullo PUMA!      DETALLES  Corte ajustado  Punto simple  Largo de 3\/4  Talle medio  Cintura el\u00e1stica  Detalles de la marca PUMA  Composici\u00f3n  Exterior: 95% Algod\u00f3n, 5% Elastano                                                                                                                                                                                                                                                                                                                                                                                                                                                                                                                                                                                                                                                                                                                                                                                                                                                                                                                                                                                                                                        <\/p>\n","protected":false},"excerpt":{"rendered":"<p>MALLA PUMA 682430<\/p>\n","protected":false},"featured_media":57681,"template":"","meta":[],"product_brand":[],"product_cat":[281],"product_tag":[32],"class_list":{"0":"post-44620","1":"product","2":"type-product","3":"status-publish","4":"has-post-thumbnail","6":"product_cat-mujer_textil_mallas","7":"product_tag-puma","8":"pa_color-unico","9":"pa_talla-l","10":"pa_talla-m","11":"thunk-woo-product-list","12":"opn-qv-enable","13":"open-woo-hover-","14":"open-single-product-tab-horizontal","15":"open-shadow-","16":"open-shadow-hover-","18":"first","19":"instock","20":"shipping-taxable","21":"purchasable","22":"product-type-variable"},"jetpack_sharing_enabled":true,"_links":{"self":[{"href":"https:\/\/www.deporteseli.com\/index.php?rest_route=\/wp\/v2\/product\/44620","targetHints":{"allow":["GET"]}}],"collection":[{"href":"https:\/\/www.deporteseli.com\/index.php?rest_route=\/wp\/v2\/product"}],"about":[{"href":"https:\/\/www.deporteseli.com\/index.php?rest_route=\/wp\/v2\/types\/product"}],"wp:featuredmedia":[{"embeddable":true,"href":"https:\/\/www.deporteseli.com\/index.php?rest_route=\/wp\/v2\/media\/57681"}],"wp:attachment":[{"href":"https:\/\/www.deporteseli.com\/index.php?rest_route=%2Fwp%2Fv2%2Fmedia&parent=44620"}],"wp:term":[{"taxonomy":"product_brand","embeddable":true,"href":"https:\/\/www.deporteseli.com\/index.php?rest_route=%2Fwp%2Fv2%2Fproduct_brand&post=44620"},{"taxonomy":"product_cat","embeddable":true,"href":"https:\/\/www.deporteseli.com\/index.php?rest_route=%2Fwp%2Fv2%2Fproduct_cat&post=44620"},{"taxonomy":"product_tag","embeddable":true,"href":"https:\/\/www.deporteseli.com\/index.php?rest_route=%2Fwp%2Fv2%2Fproduct_tag&post=44620"}],"curies":[{"name":"wp","href":"https:\/\/api.w.org\/{rel}","templated":true}]}}