{"id":44615,"date":"2026-01-27T20:32:09","date_gmt":"2026-01-27T20:32:09","guid":{"rendered":"https:\/\/www.deporteseli.com\/?product=pirata-puma-526594"},"modified":"2026-02-27T05:20:22","modified_gmt":"2026-02-27T05:20:22","slug":"pirata-puma-526594","status":"publish","type":"product","link":"https:\/\/www.deporteseli.com\/?product=pirata-puma-526594","title":{"rendered":"PIRATA PUMA 526594"},"content":{"rendered":"<p>HISTORIA DEL PRODUCTO  Mejora tu rendimiento al correr con estas mallas de tiro alto. Cuentan con tecnolog\u00eda dryCELL para mantenerte seco, una cintura con cord\u00f3n ajustable y pr\u00e1cticos bolsillos laterales. Perfectas para los entusiastas de la salud que aman moverse con confianza.      CARACTER\u00cdSTICAS Y BENEFICIOS  Fabricado con al menos un 50% de materiales reciclados.  dryCELL: Tecnolog\u00eda de rendimiento dise\u00f1ada para absorber la humedad del cuerpo y mantenerte libre de sudor durante el ejercicio.  DETALLES  Ajuste ce\u00f1ido  Altura media  Cordones ajustables  Bolsillos laterales abiertos  Detalles de la marca PUMA  Informaci\u00f3n del material  Exterior: 77 % poli\u00e9ster, 23 % elastano                                                                                                                                                                                                                                                                                                                                                                                                                                                                                                                                                                                                                                                                                                                                                                                                                                                                                                                                                                                                                                        <\/p>\n","protected":false},"excerpt":{"rendered":"<p>PIRATA PUMA 526594<\/p>\n","protected":false},"featured_media":57675,"template":"","meta":[],"product_brand":[],"product_cat":[281],"product_tag":[32],"class_list":{"0":"post-44615","1":"product","2":"type-product","3":"status-publish","4":"has-post-thumbnail","6":"product_cat-mujer_textil_mallas","7":"product_tag-puma","8":"pa_color-unico","9":"pa_talla-l","10":"pa_talla-m","11":"pa_talla-s","12":"thunk-woo-product-list","13":"opn-qv-enable","14":"open-woo-hover-","15":"open-single-product-tab-horizontal","16":"open-shadow-","17":"open-shadow-hover-","19":"first","20":"instock","21":"shipping-taxable","22":"purchasable","23":"product-type-variable"},"jetpack_sharing_enabled":true,"_links":{"self":[{"href":"https:\/\/www.deporteseli.com\/index.php?rest_route=\/wp\/v2\/product\/44615","targetHints":{"allow":["GET"]}}],"collection":[{"href":"https:\/\/www.deporteseli.com\/index.php?rest_route=\/wp\/v2\/product"}],"about":[{"href":"https:\/\/www.deporteseli.com\/index.php?rest_route=\/wp\/v2\/types\/product"}],"wp:featuredmedia":[{"embeddable":true,"href":"https:\/\/www.deporteseli.com\/index.php?rest_route=\/wp\/v2\/media\/57675"}],"wp:attachment":[{"href":"https:\/\/www.deporteseli.com\/index.php?rest_route=%2Fwp%2Fv2%2Fmedia&parent=44615"}],"wp:term":[{"taxonomy":"product_brand","embeddable":true,"href":"https:\/\/www.deporteseli.com\/index.php?rest_route=%2Fwp%2Fv2%2Fproduct_brand&post=44615"},{"taxonomy":"product_cat","embeddable":true,"href":"https:\/\/www.deporteseli.com\/index.php?rest_route=%2Fwp%2Fv2%2Fproduct_cat&post=44615"},{"taxonomy":"product_tag","embeddable":true,"href":"https:\/\/www.deporteseli.com\/index.php?rest_route=%2Fwp%2Fv2%2Fproduct_tag&post=44615"}],"curies":[{"name":"wp","href":"https:\/\/api.w.org\/{rel}","templated":true}]}}