{"id":44606,"date":"2026-01-27T20:31:58","date_gmt":"2026-01-27T20:31:58","guid":{"rendered":"https:\/\/www.deporteseli.com\/?product=tenis-puma-400365"},"modified":"2026-03-07T06:14:56","modified_gmt":"2026-03-07T06:14:56","slug":"tenis-puma-400365","status":"publish","type":"product","link":"https:\/\/www.deporteseli.com\/?product=tenis-puma-400365","title":{"rendered":"TENIS PUMA 400365"},"content":{"rendered":"<p>Inspirada en la est\u00e9tica del tenis, esta zapatilla abraza la feminidad para un modelo cl\u00e1sico. Con una parte superior de cuero y cuero sint\u00e9tico de calidad, y asentada sobre una plantilla Softfoam, esta zapatilla es una combinaci\u00f3n perfecta de comodidad y modernidad. La plantilla Softfoam  proporciona una amortiguaci\u00f3n superior y una comodidad \u00f3ptima para cada paso de tu d\u00eda. Ya sea que est\u00e9s haciendo recados o reuni\u00e9ndote con amigos, Carina 3.0 eleva tu estilo sin esfuerzo. Adopta la moda inspirada en el tenis con esta silueta ic\u00f3nica que promete hacer que tu look sea \u00fanico.    Color: 01 BLANCO ORO                                                                                                                                                                                                                                                                                                                                                                                                                                                                                                                                                                                                                                                                                                                                                                                                                                                                                                                                                                                                                                        <\/p>\n","protected":false},"excerpt":{"rendered":"<p>TENIS PUMA 400365<\/p>\n","protected":false},"featured_media":57666,"template":"","meta":[],"product_brand":[],"product_cat":[287],"product_tag":[32],"class_list":{"0":"post-44606","1":"product","2":"type-product","3":"status-publish","4":"has-post-thumbnail","6":"product_cat-mujer_calzado_casual","7":"product_tag-puma","8":"pa_color-unico","9":"pa_talla-143","10":"pa_talla-147","11":"thunk-woo-product-list","12":"opn-qv-enable","13":"open-woo-hover-","14":"open-single-product-tab-horizontal","15":"open-shadow-","16":"open-shadow-hover-","18":"first","19":"instock","20":"shipping-taxable","21":"purchasable","22":"product-type-variable"},"jetpack_sharing_enabled":true,"_links":{"self":[{"href":"https:\/\/www.deporteseli.com\/index.php?rest_route=\/wp\/v2\/product\/44606","targetHints":{"allow":["GET"]}}],"collection":[{"href":"https:\/\/www.deporteseli.com\/index.php?rest_route=\/wp\/v2\/product"}],"about":[{"href":"https:\/\/www.deporteseli.com\/index.php?rest_route=\/wp\/v2\/types\/product"}],"wp:featuredmedia":[{"embeddable":true,"href":"https:\/\/www.deporteseli.com\/index.php?rest_route=\/wp\/v2\/media\/57666"}],"wp:attachment":[{"href":"https:\/\/www.deporteseli.com\/index.php?rest_route=%2Fwp%2Fv2%2Fmedia&parent=44606"}],"wp:term":[{"taxonomy":"product_brand","embeddable":true,"href":"https:\/\/www.deporteseli.com\/index.php?rest_route=%2Fwp%2Fv2%2Fproduct_brand&post=44606"},{"taxonomy":"product_cat","embeddable":true,"href":"https:\/\/www.deporteseli.com\/index.php?rest_route=%2Fwp%2Fv2%2Fproduct_cat&post=44606"},{"taxonomy":"product_tag","embeddable":true,"href":"https:\/\/www.deporteseli.com\/index.php?rest_route=%2Fwp%2Fv2%2Fproduct_tag&post=44606"}],"curies":[{"name":"wp","href":"https:\/\/api.w.org\/{rel}","templated":true}]}}